{"id":916,"date":"2016-03-02T17:12:59","date_gmt":"2016-03-02T15:12:59","guid":{"rendered":"http:\/\/maker-faire.de\/?page_id=916"},"modified":"2026-04-13T13:33:53","modified_gmt":"2026-04-13T11:33:53","slug":"faq","status":"publish","type":"page","link":"https:\/\/maker-faire.de\/en\/hannover\/faq\/","title":{"rendered":"Besucher-FAQ"},"content":{"rendered":"<p><strong>Wie komme ich zur Maker Faire?<\/strong><br \/>\n<a href=\"https:\/\/www.hcc.de\/besucher\/anfahrt-parken\/\" target=\"_blank\" rel=\"noopener\">Hier findet ihr Hinweise zur Anreise und Parken<\/a>.<br \/>\nWir empfehlen die Anreise mit \u00f6ffentlichen Verkehrsmitteln oder die Nutzung von P+R Parkpl\u00e4tzen. In den letzten Jahren gab es insbesondere an den Vormittagen Staus rund um das Hannover Congress Centrum (HCC). Zudem waren die beiden Parkh\u00e4user am HCC sehr schnell voll.<\/p>\n<p><strong>Wie sind die \u00d6ffnungszeiten?<\/strong><br \/>\nSamstag, 15. August 2026, 10 bis 18 Uhr<br \/>\nSonntag, 16. August 2026, 10 bis 17 Uhr<\/p>\n<p><strong>Wo finde ich das Ausstellerverzeichnis?<\/strong><br \/>\nSp\u00e4testens ab Juli werden die Aussteller der Maker Faire Hannover 2026 ver\u00f6ffentlicht. Wir rechnen erneut mit \u00fcber 200 St\u00e4nden und internationalen Projekten.<\/p>\n<p><strong>Was kostet der Eintritt?<\/strong><br \/>\n24,00 EUR als Tagesticket, erm\u00e4\u00dfigt 19,00 EUR.<br \/>\nDas Wochenendticket kostet 36,00 EUR.<br \/>\nEs gibt ein verg\u00fcnstigtes Familien- und Gruppenticket f\u00fcr 4 Personen (72,00 EUR).<br \/>\nEin Tagesticket f\u00fcr Kinder von 6-15 Jahre kostet 15,00 EUR (Kinder bis einschl. 5 Jahre erhalten kostenfreien Eintritt)<br \/>\nF\u00fcr 12,00 EUR gibt es ein Schnupperticket f\u00fcr den Sp\u00e4tbesuch (Samstag 17-18 Uhr oder Sonntag 15-17 Uhr).<span data-teams=\"true\"><br \/>\n<\/span>Unter 16 Jahren Zutritt nur in Begleitung einer personensorgeberechtigten oder erziehungsbeauftragten Person.<br \/>\n<a href=\"https:\/\/pretix.eu\/makerfaire\/mfh26\/\" target=\"_blank\" rel=\"noopener\">Zum Online-Ticketshop<\/a><\/p>\n<p><strong>Gibt es Familien- bzw. Gruppentickets?<\/strong><br \/>\nJa, es gibt ein verg\u00fcnstigtes Tagesticket f\u00fcr Familien und Gruppen (g\u00fcltig f\u00fcr 4 Personen). Zu jedem Familien-\/Gruppenticket k\u00f6nnen weitere Tickets dazu gebucht werden, unabh\u00e4ngig davon, ob f\u00fcr Erwachsene oder Kinder. Ab 16 Jahre gilt man als Erwachsener. F\u00fcr Sch\u00fcler\/Studenten gilt das erm\u00e4\u00dfigte Tagesticket. Kinder unter 6 Jahren sind frei. Voraussetzung bei der Buchung eines Familien-\/Gruppenticket ist ein gleichzeitiges Erscheinen beim Eintritt zur Veranstaltung.<\/p>\n<p><strong>Gibt es eine Tageskasse?<\/strong><br \/>\nJa, am Eingang der Niedersachsenhalle stehen zwei Kassen zur Verf\u00fcgung. Wir akzeptieren ausschlie\u00dflich Kartenzahlungen und nutzen daf\u00fcr sumup. Folgende Zahlungsarten werden vor Ort akzeptiert: Visa, V PAY, Mastercard, American Express, Google Pay, Apple Pay.<\/p>\n<p><strong>Wer ist berechtigt, ein erm\u00e4\u00dfigtes Ticket zu kaufen?<\/strong><br \/>\nAzubis\/Sch\u00fcler\/Studenten \u00fcber 16 Jahre und Senioren ab 65 Jahre. An der Tageskasse oder am Eingang zur Maker Faire wird die Berechtigung kontrolliert. Bitte haltet daf\u00fcr entsprechende Ausweise bereit, danke.<\/p>\n<p><strong>Was kostet ein Ticket f\u00fcr Schwerbehinderte und deren Begleitpersonen?<\/strong><br \/>\nF\u00fcr Inhaber eines Schwerbehindertenausweises gibt es im <a href=\"https:\/\/pretix.eu\/makerfaire\/mfh26\/\" target=\"_blank\" rel=\"noopener\">Shop<\/a> ein Sonderticket zum erm\u00e4\u00dfigtem Preis von 19,00 EUR zu kaufen. Ist im Schwerbehindertenausweis ein B eingetragen, erh\u00e4lt eine Begleitperson freien Eintritt beim gemeinsamen Einlass. Ein gesondertes Ticket f\u00fcr die Begleitperson wird nicht ben\u00f6tigt.<\/p>\n<p><strong>Ist das Tagesticket an einen bestimmten Tag gebunden?<\/strong><br \/>\nNein. Bitte beachtet nur, dass das Ticket beim Betreten des Veranstaltungsgel\u00e4ndes entwertet wird und ein erneuter Einlass nicht m\u00f6glich ist (Wochenendtickets ausgenommen).<\/p>\n<p><strong>Kann ich das Veranstaltungsgel\u00e4nde verlassen und komme dann wieder rein?<\/strong><br \/>\nNein, das Tagesticket verliert beim Verlassen des Veranstaltungsgel\u00e4nde seine G\u00fcltigkeit. F\u00fcr Ausnahmen sprecht bitte die zentrale Information an.<\/p>\n<p><strong>Kann ich mit der Eintrittskarte die \u00f6ffentlichen Verkehrsmittel kostenfrei nutzen?<\/strong><br \/>\nNein, das ist leider nicht m\u00f6glich.<\/p>\n<p><strong>Gibt es Gutscheine f\u00fcr einen Besuch zu kaufen?<\/strong><br \/>\nNein, aber das Ticket kann weitergegeben werden. Einfach ein Tagesticket kaufen und verschenken. Das Ticket ist nicht personalisiert.<\/p>\n<p><strong>Kann ich Tickets zur\u00fcckgeben?<\/strong><br \/>\nNein, das ist leider nicht m\u00f6glich. Es besteht keine M\u00f6glichkeit f\u00fcr eine Stornierung. Seid ihr verhindert, macht anderen eine Freude und verschenkt euer Ticket.<\/p>\n<p><strong>Ist das Veranstaltungsgel\u00e4nde barrierefrei?<\/strong><br \/>\nJa, die gesamte Ausstellung ist ebenerdig oder \u00fcber einen Fahrstuhl und Rampen zu erreichen. Bitte beachtet jedoch, dass ein Teil des Au\u00dfenbereichs Schotter als Untergrund hat.<\/p>\n<p><strong>Gibt es ein Vortragsprogramm?<\/strong><br \/>\nJa. Unser Wissenshub befindet sich im ersten Stock im Future Meeting Space (Aufzug vorhanden). Das Programm wird im Juli ver\u00f6ffentlicht.<\/p>\n<p><strong>Gibt es Workshops?<\/strong><br \/>\nJa, an nahezu allen St\u00e4nden ist etwas los. Wir bitten unsere Aussteller, Mitmach-Aktionen zu planen. Infos dazu findet ihr ab Juli in der Aussteller\u00fcbersicht bei jedem einzelnen Aussteller.<\/p>\n<p><strong>Ist die Maker Faire f\u00fcr Kleinkinder geeignet?<\/strong><br \/>\nDefinitiv. Die Maker Faire eignet sich f\u00fcr einen Familienausflug. Viele der Aktionen und Workshops (wie bspw. L\u00f6ten lernen) bieten sich ab ca. 10 Jahre an, doch gibt es auch St\u00e4nde mit Bastelaktionen, die f\u00fcr j\u00fcngere Besucher geeignet sind. Zudem werden wir eine Kinder-Rallye anbieten. Ausk\u00fcnfte hierzu gibt es bei der Information vor Ort.<\/p>\n<p><strong>Gibt es einen Hallenplan?<\/strong><br \/>\nDieser wird ab Juli zusammen mit dem Ausstellerverzeichnis ver\u00f6ffentlich. Wir belegen die Niedersachsenhalle, die Glashalle und die Eilenriedehalle im <a href=\"https:\/\/www.hcc.de\/besucher\/anfahrt-parken\/\" target=\"_blank\" rel=\"noopener\">Hannover Congress Centrum<\/a>. Zudem gibt es einen Au\u00dfenbereich rund um die Hallen bis zum Stadtpark. Das Vortragsforum (Wissenshub) findet im Obergeschoss statt. Auf der Veranstaltung wird es einen gedruckten Plan inkl. einer \u00dcbersicht zu allen Ausstellern und Hinweise zum Rahmenprogramm geben \u2013 der &#8222;Besucherguide&#8220; wird euch Orientierung bieten.<\/p>\n<p><strong>Gibt es eine Garderobe?<\/strong><br \/>\nJa, im Eingangsbereich der Niedersachsenhalle. Das HCC betreibt diese und wird voraussichtlich eine 2,- EUR Geb\u00fchr nehmen. Auch Koffer k\u00f6nnen hier verwahrt werden. Wichtig ist, dass ihre eure Sachen bis zum Veranstaltungsende (Samstag 18 Uhr, Sonntag 17 Uhr) auch wieder abholt.<\/p>\n<p><strong>Gibt es Essen und Trinken zu kaufen?<\/strong><br \/>\nJa, es erwartet euch ein vielseitiges Angebot von diversen, lokalen Anbietern. Die Cateringst\u00e4nde sind \u00fcberwiegend im Au\u00dfenbereich zu finden (Food Court) und sind im Plan Gr\u00fcn markiert. Sitzpl\u00e4tze wird es in der Baumallee und zwischen den Hallen geben. Das Mitnehmen von eigenen Speisen und Getr\u00e4nken verbietet die Hausordnung des HCC.<\/p>\n<p><strong>Gibt es einen EC-Automaten?<\/strong><br \/>\nLeider nein. Der n\u00e4chste Geldautomat befindet sich im Eingangsbereich des Zoos, ca. 800m entfernt. Wir empfehlen euch vorab mit ausreichend Bargeld einzudecken, denn nicht bei jedem Verkaufsstand kann mit Karte gezahlt werden.<\/p>\n<p><strong>Gibt es freies WLAN?<\/strong><br \/>\nNein, das verf\u00fcgbare WLAN ist den Ausstellern und der Crew vorbehalten, mit der Bitte um Verst\u00e4ndnis.<\/p>\n<p><strong>Gibt es Schlie\u00dff\u00e4cher?<\/strong><br \/>\nNein, bitte nutzt gegebenenfalls die Garderobe im Eingangsbereich der Niedersachsenhalle.<\/p>\n<p><strong>Ist das Fotografieren und Filmen gestattet?<\/strong><br \/>\nF\u00fcr private Zwecke ja. F\u00fcr gewerbliche Zwecke ist eine <a href=\"https:\/\/maker-faire.de\/presse\/\" target=\"_blank\" rel=\"noopener\">Akkreditierung<\/a> zur Veranstaltung notwendig.<\/p>\n<p><strong>Ist ein Wickeltisch vorhanden?<\/strong><br \/>\nJa, bei den WC-R\u00e4umen zu finden.<\/p>\n<p><strong>Sind Hunde erlaubt?<\/strong><br \/>\nAuch wenn unser Team sehr tierfreundlich ist: Hunde sind laut der Hausordnung vom HCC leider nicht erlaubt (Ausnahme Blinden-\/Begleithunde). Zu ber\u00fccksichtigen gilt zudem, dass wir mit einem erh\u00f6hten Besucheraufkommen rechnen und es f\u00fcr Vierbeiner bei vollen Hallen zu Stresssituationen kommen k\u00f6nnte. Schon alleine deshalb, lasst eure Hunde bitte zuhause.<\/p>\n<p><strong>Ich habe weitere Fragen: Wie kann ich die Maker Faire Crew erreichen?<\/strong><br \/>\nAm besten ist, ihr schreibt uns mit eurem Anliegen eine <a href=\"mailto:info@maker-faire.de\">e-mail<\/a>. Wir melden uns dann schnellstm\u00f6glich zur\u00fcck.<\/p>","protected":false},"excerpt":{"rendered":"<p>Wie komme ich zur Maker Faire? Hier findet ihr Hinweise zur Anreise und Parken. Wir empfehlen die Anreise mit \u00f6ffentlichen Verkehrsmitteln oder die Nutzung von P+R Parkpl\u00e4tzen. In den letzten Jahren gab es insbesondere an den Vormittagen Staus rund um das Hannover Congress Centrum (HCC). Zudem waren die beiden Parkh\u00e4user am HCC sehr schnell voll. &hellip;<\/p>","protected":false},"author":2,"featured_media":6566,"parent":26650,"menu_order":0,"comment_status":"closed","ping_status":"closed","template":"","meta":{"footnotes":""},"class_list":["post-916","page","type-page","status-publish","has-post-thumbnail","hentry"],"_links":{"self":[{"href":"https:\/\/maker-faire.de\/en\/wp-json\/wp\/v2\/pages\/916","targetHints":{"allow":["GET"]}}],"collection":[{"href":"https:\/\/maker-faire.de\/en\/wp-json\/wp\/v2\/pages"}],"about":[{"href":"https:\/\/maker-faire.de\/en\/wp-json\/wp\/v2\/types\/page"}],"author":[{"embeddable":true,"href":"https:\/\/maker-faire.de\/en\/wp-json\/wp\/v2\/users\/2"}],"replies":[{"embeddable":true,"href":"https:\/\/maker-faire.de\/en\/wp-json\/wp\/v2\/comments?post=916"}],"version-history":[{"count":48,"href":"https:\/\/maker-faire.de\/en\/wp-json\/wp\/v2\/pages\/916\/revisions"}],"predecessor-version":[{"id":33234,"href":"https:\/\/maker-faire.de\/en\/wp-json\/wp\/v2\/pages\/916\/revisions\/33234"}],"up":[{"embeddable":true,"href":"https:\/\/maker-faire.de\/en\/wp-json\/wp\/v2\/pages\/26650"}],"wp:featuredmedia":[{"embeddable":true,"href":"https:\/\/maker-faire.de\/en\/wp-json\/wp\/v2\/media\/6566"}],"wp:attachment":[{"href":"https:\/\/maker-faire.de\/en\/wp-json\/wp\/v2\/media?parent=916"}],"curies":[{"name":"wp","href":"https:\/\/api.w.org\/{rel}","templated":true}]}}