{"id":809,"date":"2016-02-29T15:38:56","date_gmt":"2016-02-29T13:38:56","guid":{"rendered":"http:\/\/maker-faire.de\/?page_id=809"},"modified":"2026-04-17T09:21:44","modified_gmt":"2026-04-17T07:21:44","slug":"tickets","status":"publish","type":"page","link":"https:\/\/maker-faire.de\/en\/hannover\/tickets\/","title":{"rendered":"Tickets Maker Faire Hannover 2026"},"content":{"rendered":"<div data-elementor-type=\"wp-page\" data-elementor-id=\"809\" class=\"elementor elementor-809\" data-elementor-post-type=\"page\">\n\t\t\t\t<div class=\"elementor-element elementor-element-54cfeba e-con-full e-flex e-con e-parent\" data-id=\"54cfeba\" data-element_type=\"container\" data-e-type=\"container\">\n\t\t<div class=\"elementor-element elementor-element-5919ae3e e-con-full e-flex e-con e-child\" data-id=\"5919ae3e\" data-element_type=\"container\" data-e-type=\"container\" data-settings=\"{&quot;background_background&quot;:&quot;classic&quot;}\">\n\t\t\t\t<div class=\"elementor-element elementor-element-54702a02 elementor-widget__width-initial elementor-widget-tablet__width-initial elementor-widget elementor-widget-heading\" data-id=\"54702a02\" data-element_type=\"widget\" data-e-type=\"widget\" data-widget_type=\"heading.default\">\n\t\t\t\t\t<h3 class=\"elementor-heading-title elementor-size-default\">Visitor tickets<\/h3>\t\t\t\t<\/div>\n\t\t\t\t<div class=\"elementor-element elementor-element-70453fed elementor-widget__width-initial elementor-widget elementor-widget-text-editor\" data-id=\"70453fed\" data-element_type=\"widget\" data-e-type=\"widget\" data-widget_type=\"text-editor.default\">\n\t\t\t\t\t\t\t\t\t<section id=\"builder-section-text_17\" class=\"builder-section-first builder-section builder-section-text builder-section-last builder-text-columns-1\" style=\"background-size: cover; background-repeat: no-repeat; background-position: center center;\"><div class=\"builder-section-content\"><div class=\"builder-text-row\"><div id=\"builder-section-text_17-column-1\" class=\"builder-text-column builder-text-column-1\"><div class=\"builder-text-content\"><p class=\" translation-block\">Maker Faire Hannover 2026 will take place on August 15 and 16, 2026, at the Hannover Congress Centrum (HCC). Opening hours are from 10 a.m. to 6 p.m. on Saturday and from 10 a.m. to 5 p.m. on Sunday. Visitor tickets are available at the <a href=\"https:\/\/pretix.eu\/makerfaire\/mfh26\/\" target=\"_blank\" rel=\"noopener\"><strong>online shop <\/strong><\/a> and at the box office during the event at the <a href=\"https:\/\/www.hcc.de\/besucher\/anfahrt-parken\/\" target=\"_blank\" rel=\"noopener\">HCC<\/a> (Niedersachsenhalle entrance). Please note that <strong>cash payments<\/strong> are not accepted at the box office.<\/p><p><strong>Do you have any questions? Here you will find our\u00a0<a href=\"https:\/\/maker-faire.de\/hannover\/faq\/\" target=\"_blank\" rel=\"noopener\">FAQ<\/a>.<\/strong><\/p><p style=\"text-align: left;\"><a id=\"ttfmake-1738057168\" class=\"ttfmake-button\" style=\"background-color: #f2072b; color: #ffffff; font-size: 30px; font-weight: bold; padding: 15px 50px; border-radius: 100px;\" href=\"https:\/\/pretix.eu\/makerfaire\/mfh26\/\" target=\"_blank\" rel=\"noopener\" data-hover-background-color=\"#24a0ff\" data-hover-color=\"#ffffff\">Continue to the ticket shop<\/a><\/p><p>Accepted payment methods in the online shop:<\/p><p><img decoding=\"async\" class=\"size-full wp-image-22173 alignleft\" src=\"https:\/\/maker-faire.de\/wp-content\/uploads\/2022\/02\/mc_securecode_156px_width.png\" alt=\"\" width=\"156\" height=\"72\" data-wp-pid=\"22173\" \/> <img decoding=\"async\" class=\"wp-image-22171 alignleft\" src=\"https:\/\/maker-faire.de\/wp-content\/uploads\/2022\/02\/visa_pos_fc.png\" alt=\"\" width=\"109\" height=\"69\" data-wp-pid=\"22171\" \/> <img decoding=\"async\" class=\"wp-image-22169 alignleft\" src=\"https:\/\/maker-faire.de\/wp-content\/uploads\/2022\/02\/Paypal-logo.jpg\" alt=\"\" width=\"126\" height=\"57\" data-wp-pid=\"22169\" \/><\/p><h6>\u00a0<\/h6><\/div><\/div><\/div><\/div><\/section>\t\t\t\t\t\t\t\t<\/div>\n\t\t\t\t<\/div>\n\t\t<div class=\"elementor-element elementor-element-c80f2a4 e-con-full e-flex e-con e-child\" data-id=\"c80f2a4\" data-element_type=\"container\" data-e-type=\"container\" data-settings=\"{&quot;background_background&quot;:&quot;classic&quot;}\">\n\t\t\t\t<div class=\"elementor-element elementor-element-511169b elementor-widget elementor-widget-image\" data-id=\"511169b\" data-element_type=\"widget\" data-e-type=\"widget\" data-widget_type=\"image.default\">\n\t\t\t\t\t\t\t\t\t\t\t\t\t\t\t<img loading=\"lazy\" decoding=\"async\" width=\"960\" height=\"960\" src=\"https:\/\/maker-faire.de\/wp-content\/uploads\/2026\/04\/Makey-und-MFH-Icon-1024x1024.png\" class=\"attachment-large size-large wp-image-33419\" alt=\"\" srcset=\"https:\/\/maker-faire.de\/wp-content\/uploads\/2026\/04\/Makey-und-MFH-Icon-1024x1024.png 1024w, https:\/\/maker-faire.de\/wp-content\/uploads\/2026\/04\/Makey-und-MFH-Icon-150x150@2x.png 300w, https:\/\/maker-faire.de\/wp-content\/uploads\/2026\/04\/Makey-und-MFH-Icon-150x150.png 150w, https:\/\/maker-faire.de\/wp-content\/uploads\/2026\/04\/Makey-und-MFH-Icon-12x12.png 12w, https:\/\/maker-faire.de\/wp-content\/uploads\/2026\/04\/Makey-und-MFH-Icon-1200x1200.png 1200w, https:\/\/maker-faire.de\/wp-content\/uploads\/2026\/04\/Makey-und-MFH-Icon.png 1500w, https:\/\/maker-faire.de\/wp-content\/uploads\/2026\/04\/Makey-und-MFH-Icon-300x300@2x.png 600w\" sizes=\"(max-width: 960px) 100vw, 960px\" data-wp-pid=\"33419\" \/>\t\t\t\t\t\t\t\t\t\t\t\t\t\t\t<\/div>\n\t\t\t\t<\/div>\n\t\t\t\t<\/div>\n\t\t<div class=\"elementor-element elementor-element-33a00bfd e-flex e-con-boxed e-con e-parent\" data-id=\"33a00bfd\" data-element_type=\"container\" data-e-type=\"container\">\n\t\t\t\t\t<div class=\"e-con-inner\">\n\t\t\t\t<div class=\"elementor-element elementor-element-d7d7e82 elementor-widget elementor-widget-text-editor\" data-id=\"d7d7e82\" data-element_type=\"widget\" data-e-type=\"widget\" data-widget_type=\"text-editor.default\">\n\t\t\t\t\t\t\t\t\t<section id=\"builder-section-text_17\" class=\"builder-section-first builder-section builder-section-text builder-section-last builder-text-columns-1\" style=\"background-size: cover; background-repeat: no-repeat; background-position: center center;\"><div class=\"builder-section-content\"><div class=\"builder-text-row\"><div id=\"builder-section-text_17-column-1\" class=\"builder-text-column builder-text-column-1\"><div class=\"builder-text-content\"><h6>\u00a0<\/h6><h6>Our event offerings incorporate functions and content from the pretix service provided by rami.io GmbH, Berthold-Mogel-Stra\u00dfe 1, 69126 Heidelberg, Germany. This includes the ticket shop, TO WHICH YOU WILL BE REDIRECTED. When you purchase a ticket, pretix uses a technically necessary cookie to enable the ordering process and to remember which shopping basket belongs to you. The cookie is set as soon as you interact with the SHOP. pretix does not store IP addresses, browser information or other unnecessary metadata beyond the duration of your request. Further information on data protection at pretix can be found here: https:\/\/pretix.eu\/about\/de\/privacy<\/h6><p class=\" translation-block\">Our terms and conditions can be found <a href=\"https:\/\/maker-faire.de\/wp-content\/uploads\/2025\/12\/MFH_2026_AGB_Besucher_engl-1.pdf\" target=\"_blank\" rel=\"noopener\">here<\/a>.<\/p><\/div><\/div><\/div><\/div><\/section>\t\t\t\t\t\t\t\t<\/div>\n\t\t\t\t\t<\/div>\n\t\t\t\t<\/div>\n\t\t\t\t<\/div>","protected":false},"excerpt":{"rendered":"<p>Besuchertickets Die Maker Faire Hannover 2026 findet am 15. und 16. August 2026 im Hannover Congress Centrum (HCC) statt. Die \u00d6ffnungszeiten sind am Samstag von 10-18 Uhr und am Sonntag von 10-17 Uhr. Besuchertickets sind im Online-Shop erh\u00e4ltlich und w\u00e4hrend der Veranstaltung an der Tageskasse im HCC (Eingang Niedersachsenhalle). Bitte beachtet, dass auch an der &hellip;<\/p>","protected":false},"author":156,"featured_media":6566,"parent":26650,"menu_order":0,"comment_status":"closed","ping_status":"closed","template":"template-builder.php","meta":{"footnotes":""},"class_list":["post-809","page","type-page","status-publish","has-post-thumbnail","hentry"],"_links":{"self":[{"href":"https:\/\/maker-faire.de\/en\/wp-json\/wp\/v2\/pages\/809","targetHints":{"allow":["GET"]}}],"collection":[{"href":"https:\/\/maker-faire.de\/en\/wp-json\/wp\/v2\/pages"}],"about":[{"href":"https:\/\/maker-faire.de\/en\/wp-json\/wp\/v2\/types\/page"}],"author":[{"embeddable":true,"href":"https:\/\/maker-faire.de\/en\/wp-json\/wp\/v2\/users\/156"}],"replies":[{"embeddable":true,"href":"https:\/\/maker-faire.de\/en\/wp-json\/wp\/v2\/comments?post=809"}],"version-history":[{"count":147,"href":"https:\/\/maker-faire.de\/en\/wp-json\/wp\/v2\/pages\/809\/revisions"}],"predecessor-version":[{"id":33445,"href":"https:\/\/maker-faire.de\/en\/wp-json\/wp\/v2\/pages\/809\/revisions\/33445"}],"up":[{"embeddable":true,"href":"https:\/\/maker-faire.de\/en\/wp-json\/wp\/v2\/pages\/26650"}],"wp:featuredmedia":[{"embeddable":true,"href":"https:\/\/maker-faire.de\/en\/wp-json\/wp\/v2\/media\/6566"}],"wp:attachment":[{"href":"https:\/\/maker-faire.de\/en\/wp-json\/wp\/v2\/media?parent=809"}],"curies":[{"name":"wp","href":"https:\/\/api.w.org\/{rel}","templated":true}]}}