{"id":68,"date":"2016-06-09T14:10:26","date_gmt":"2016-06-09T12:10:26","guid":{"rendered":"http:\/\/maker-faire.de\/?page_id=68"},"modified":"2026-04-28T15:56:31","modified_gmt":"2026-04-28T13:56:31","slug":"volunteers","status":"publish","type":"page","link":"https:\/\/maker-faire.de\/en\/volunteers\/","title":{"rendered":"Volunteers"},"content":{"rendered":"<section id=\"builder-section-1422287698057\" class=\"builder-section-first builder-section builder-section-text builder-section-next-text builder-text-columns-2 layout-6\" style=\"background-repeat: repeat;background-position: center center;\">\n<div class=\"builder-section-content\">\n<div class=\"builder-text-row\">\n<div class=\"builder-text-column builder-text-column-1\" id=\"builder-section-1422287698057-column-1\">\n<div class=\"builder-text-content\">\n<p>Eine Maker Faire lebt von der Community. Sei als Helfer\/in beim Aufbauen, Abbauen und anderen unterst\u00fctzenden Arbeiten dabei und werde Teil einer sympathischen Crew!<\/p>\n<p>Du erh\u00e4ltst einen guten Einblick hinter die Kulissen und die Organisation, Zugang zu allen Bereichen und wir versprechen dir ein wirklich cooles Wochenende!<\/p>\n<p>Als Dankesch\u00f6n f\u00fcr deinen Einsatz bekommst du ein Crew-T-Shirt, die neuste Ausgabe des Make-Magazins, Verpflegung f\u00fcr dich und 2x freien Eintritt f\u00fcr deine Freunde oder Family auf der Maker Faire.<\/p>\n<p>Wenn du uns vom Aufbau bis zum Abbau durchg\u00e4ngig an allen drei Tagen unterst\u00fctzt, laden wir dich auch noch zum Aussteller Get-together ein. Und kommst du von au\u00dferhalb, stellen wir dir auch eine Unterkunft inkl. Fr\u00fchst\u00fcck kostenfrei zur Verf\u00fcgung.<\/p>\n<p>Vorkenntnisse sind nicht erforderlich, es erfolgt ein Briefing, du m\u00fcsstet nur bitte mindestens 18 Jahre alt sein.\u00a0<\/p>\n<\/p><\/div>\n<\/p><\/div>\n<div class=\"builder-text-column builder-text-column-2\" id=\"builder-section-1422287698057-column-2\">\n<div class=\"builder-text-content\">\n<p>\u00a0<\/p>\n<p>Auf den vergangenen Maker Faires hatten wir wunderbare Teams mit super Volunteers und viel Spa\u00df. Auch 2026 ben\u00f6tigen wir wieder tatkr\u00e4ftigen Support von freiwilligen Helfern! Mach mit und werde Teil der Crew!<\/p>\n<p>Wir brauchen Support f\u00fcr die Maker Faire Hannover 2026 im Congress Centrum:<\/p>\n<ul>\n<li>\n<div class=\"ttfmake-notice\">14. August Aufbauhelfer von 08:00-18:00 Uhr<\/div>\n<\/li>\n<li>\n<div class=\"ttfmake-notice\">15. August Info-Counter, Fotoautomat, Springer, usw. von 07:30-17:30 Uhr<\/div>\n<\/li>\n<li>\n<div class=\"ttfmake-notice\">16. August Aufgaben wie am Samstag von 09:00-17:00 Uhr sowie Abbauhelfer von 16:30-22:30 Uhr<\/div>\n<\/li>\n<\/ul>\n<p>Ihr k\u00f6nnt euch f\u00fcr Samstag oder Sonntag bewerben oder nur f\u00fcr den Auf- und\/oder Abbau. Gro\u00dfartig w\u00e4re es nat\u00fcrlich, wenn du das ganze Wochenende Zeit hast.<\/p>\n<\/p><\/div>\n<\/p><\/div>\n<\/p><\/div>\n<div class=\"builder-text-row\">\n<div class=\"builder-text-column builder-text-column-3\" id=\"builder-section-1422287698057-column-1\">\n<div class=\"builder-text-content\">\n<p><img fetchpriority=\"high\" decoding=\"async\" class=\"alignnone size-medium wp-image-24266\" src=\"https:\/\/maker-faire.de\/wp-content\/uploads\/2022\/09\/PXL_20220911_163128813_2-500x243.jpg\" alt=\"\" width=\"500\" height=\"243\" data-wp-pid=\"24266\" srcset=\"https:\/\/maker-faire.de\/wp-content\/uploads\/2022\/09\/PXL_20220911_163128813_2-500x243.jpg 500w, https:\/\/maker-faire.de\/wp-content\/uploads\/2022\/09\/PXL_20220911_163128813_2-1024x497.jpg 1024w, https:\/\/maker-faire.de\/wp-content\/uploads\/2022\/09\/PXL_20220911_163128813_2-1536x746.jpg 1536w, https:\/\/maker-faire.de\/wp-content\/uploads\/2022\/09\/PXL_20220911_163128813_2-2048x995.jpg 2048w, https:\/\/maker-faire.de\/wp-content\/uploads\/2022\/09\/PXL_20220911_163128813_2-500x243@2x.jpg 1000w\" sizes=\"(max-width: 500px) 100vw, 500px\" \/><\/p>\n<\/p><\/div>\n<\/p><\/div>\n<div class=\"builder-text-column builder-text-column-4\" id=\"builder-section-1422287698057-column-2\">\n<div class=\"builder-text-content\">\n<p><strong>Wenn du noch Fragen hast, <a href=\"mailto:info@maker-faire.de\">schreib uns an<\/a>, nenne deine Telefonnummer und wir melden uns bei dir zeitnah telefonisch zur\u00fcck!\u00a0<\/strong><\/p>\n<\/p><\/div>\n<\/p><\/div>\n<\/p><\/div>\n<\/p><\/div>\n<\/section>\n<section id=\"builder-section-text_63\" class=\"builder-section-prev-text builder-section builder-section-text builder-section-last builder-text-columns-1\" style=\"background-repeat: repeat;background-position: center center;\">\n<div class=\"builder-section-content\">\n<div class=\"builder-text-row\">\n<div class=\"builder-text-column builder-text-column-1\" id=\"builder-section-text_63-column-1\">\n<div class=\"builder-text-content\">\n<script type=\"text\/javascript\">\n\/* <![CDATA[ *\/\nvar gform;gform||(document.addEventListener(\"gform_main_scripts_loaded\",function(){gform.scriptsLoaded=!0}),document.addEventListener(\"gform\/theme\/scripts_loaded\",function(){gform.themeScriptsLoaded=!0}),window.addEventListener(\"DOMContentLoaded\",function(){gform.domLoaded=!0}),gform={domLoaded:!1,scriptsLoaded:!1,themeScriptsLoaded:!1,isFormEditor:()=>\"function\"==typeof InitializeEditor,callIfLoaded:function(o){return!(!gform.domLoaded||!gform.scriptsLoaded||!gform.themeScriptsLoaded&&!gform.isFormEditor()||(gform.isFormEditor()&&console.warn(\"The use of gform.initializeOnLoaded() is deprecated in the form editor context and will be removed in Gravity Forms 3.1.\"),o(),0))},initializeOnLoaded:function(o){gform.callIfLoaded(o)||(document.addEventListener(\"gform_main_scripts_loaded\",()=>{gform.scriptsLoaded=!0,gform.callIfLoaded(o)}),document.addEventListener(\"gform\/theme\/scripts_loaded\",()=>{gform.themeScriptsLoaded=!0,gform.callIfLoaded(o)}),window.addEventListener(\"DOMContentLoaded\",()=>{gform.domLoaded=!0,gform.callIfLoaded(o)}))},hooks:{action:{},filter:{}},addAction:function(o,r,e,t){gform.addHook(\"action\",o,r,e,t)},addFilter:function(o,r,e,t){gform.addHook(\"filter\",o,r,e,t)},doAction:function(o){gform.doHook(\"action\",o,arguments)},applyFilters:function(o){return gform.doHook(\"filter\",o,arguments)},removeAction:function(o,r){gform.removeHook(\"action\",o,r)},removeFilter:function(o,r,e){gform.removeHook(\"filter\",o,r,e)},addHook:function(o,r,e,t,n){null==gform.hooks[o][r]&&(gform.hooks[o][r]=[]);var d=gform.hooks[o][r];null==n&&(n=r+\"_\"+d.length),gform.hooks[o][r].push({tag:n,callable:e,priority:t=null==t?10:t})},doHook:function(r,o,e){var t;if(e=Array.prototype.slice.call(e,1),null!=gform.hooks[r][o]&&((o=gform.hooks[r][o]).sort(function(o,r){return o.priority-r.priority}),o.forEach(function(o){\"function\"!=typeof(t=o.callable)&&(t=window[t]),\"action\"==r?t.apply(null,e):e[0]=t.apply(null,e)})),\"filter\"==r)return e[0]},removeHook:function(o,r,t,n){var e;null!=gform.hooks[o][r]&&(e=(e=gform.hooks[o][r]).filter(function(o,r,e){return!!(null!=n&&n!=o.tag||null!=t&&t!=o.priority)}),gform.hooks[o][r]=e)}});\n\/* ]]> *\/\n<\/script>\n\n                <div class='gf_browser_gecko gform_wrapper gform_legacy_markup_wrapper gform-theme--no-framework' data-form-theme='legacy' data-form-index='0' id='gform_wrapper_31' >\n                        <div class='gform_heading'>\n                            <h3 class=\"gform_title\">Volunteer-Anmeldung<\/h3>\n                            <p class='gform_description'>Trag dazu bei, dass sich Aussteller und Besucher bei uns wohlf\u00fchlen und gerne wiederkommen \ud83d\ude42<\/p>\n                        <\/div><form method='post' enctype='multipart\/form-data'  id='gform_31'  action='\/en\/wp-json\/wp\/v2\/pages\/68' data-formid='31' novalidate>\n                        <div class='gform-body gform_body'><ul id='gform_fields_31' class='gform_fields top_label form_sublabel_below description_below validation_below'><li id=\"field_31_1\" class=\"gfield gfield--type-name gfield--input-type-name gfield_contains_required field_sublabel_below gfield--no-description field_description_below field_validation_below gfield_visibility_visible\"  ><label class='gfield_label gform-field-label gfield_label_before_complex' >Name<span class=\"gfield_required\"><span class=\"gfield_required gfield_required_asterisk\">*<\/span><\/span><\/label><div class='ginput_complex ginput_container ginput_container--name no_prefix has_first_name no_middle_name has_last_name no_suffix gf_name_has_2 ginput_container_name gform-grid-row' id='input_31_1'>\n                            \n                            <span id='input_31_1_3_container' class='name_first gform-grid-col gform-grid-col--size-auto' >\n                                                    <input type='text' name='input_1.3' id='input_31_1_3' value=''   aria-required='true'     \/>\n                                                    <label for='input_31_1_3' class='gform-field-label gform-field-label--type-sub '>First<\/label>\n                                                <\/span>\n                            \n                            <span id='input_31_1_6_container' class='name_last gform-grid-col gform-grid-col--size-auto' >\n                                                    <input type='text' name='input_1.6' id='input_31_1_6' value=''   aria-required='true'     \/>\n                                                    <label for='input_31_1_6' class='gform-field-label gform-field-label--type-sub '>Last<\/label>\n                                                <\/span>\n                            \n                        <\/div><\/li><li id=\"field_31_2\" class=\"gfield gfield--type-email gfield--input-type-email gf_left_half gfield_contains_required field_sublabel_below gfield--no-description field_description_below field_validation_below gfield_visibility_visible\"  ><label class='gfield_label gform-field-label' for='input_31_2'>E-Mail<span class=\"gfield_required\"><span class=\"gfield_required gfield_required_asterisk\">*<\/span><\/span><\/label><div class='ginput_container ginput_container_email'>\n                            <input name='input_2' id='input_31_2' type='email' value='' class='large'    aria-required=\"true\" aria-invalid=\"false\"  \/>\n                        <\/div><\/li><li id=\"field_31_3\" class=\"gfield gfield--type-phone gfield--input-type-phone gf_right_half gfield_contains_required field_sublabel_below gfield--no-description field_description_below field_validation_below gfield_visibility_visible\"  ><label class='gfield_label gform-field-label' for='input_31_3'>Handynummer<span class=\"gfield_required\"><span class=\"gfield_required gfield_required_asterisk\">*<\/span><\/span><\/label><div class='ginput_container ginput_container_phone'><input name='input_3' id='input_31_3' type='tel' value='' class='large'   aria-required=\"true\" aria-invalid=\"false\"   \/><\/div><\/li><li id=\"field_31_9\" class=\"gfield gfield--type-textarea gfield--input-type-textarea gfield_contains_required field_sublabel_below gfield--has-description field_description_below field_validation_below gfield_visibility_visible\"  ><label class='gfield_label gform-field-label' for='input_31_9'>Wann hast du Zeit?<span class=\"gfield_required\"><span class=\"gfield_required gfield_required_asterisk\">*<\/span><\/span><\/label><div class='ginput_container ginput_container_textarea'><textarea name='input_9' id='input_31_9' class='textarea medium'  aria-describedby=\"gfield_description_31_9\"   aria-required=\"true\" aria-invalid=\"false\"   rows='10' cols='50'><\/textarea><\/div><div class='gfield_description' id='gfield_description_31_9'>Zu folgenden Zeiten suchen wir ehrenamtliche Helfer: <b>Freitag<\/b> Aufbau 08:00-18:00 Uhr, <b>Samstag<\/b> 07:30-17:30 Uhr, <b>Sonntag<\/b> 09:00-17:00 Uhr, <b>Sonntagabend<\/b> Abbau 16:30-22:30 Uhr. Super w\u00e4re es nat\u00fcrlich, wenn du an allen drei Tagen k\u00f6nntest. Bei allen, die von weiter weg anreisen und uns durchg\u00e4ngig unterst\u00fctzen, \u00fcbernehmen wir die Kosten f\u00fcr ein Hotelzimmer inkl. Fr\u00fchst\u00fcck<\/div><\/li><li id=\"field_31_4\" class=\"gfield gfield--type-text gfield--input-type-text gf_left_half gfield_contains_required field_sublabel_below gfield--no-description field_description_below field_validation_below gfield_visibility_visible\"  ><label class='gfield_label gform-field-label' for='input_31_4'>Konfektionsgr\u00f6\u00dfe f\u00fcr dein CREW-Shirt<span class=\"gfield_required\"><span class=\"gfield_required gfield_required_asterisk\">*<\/span><\/span><\/label><div class='ginput_container ginput_container_text'><input name='input_4' id='input_31_4' type='text' value='' class='medium'     aria-required=\"true\" aria-invalid=\"false\"   \/><\/div><\/li><li id=\"field_31_5\" class=\"gfield gfield--type-text gfield--input-type-text gf_right_half field_sublabel_below gfield--no-description field_description_below field_validation_below gfield_visibility_visible\"  ><label class='gfield_label gform-field-label' for='input_31_5'>Sprachkenntnisse<\/label><div class='ginput_container ginput_container_text'><input name='input_5' id='input_31_5' type='text' value='' class='medium'      aria-invalid=\"false\"   \/><\/div><\/li><li id=\"field_31_11\" class=\"gfield gfield--type-text gfield--input-type-text gf_right_half gfield_contains_required field_sublabel_below gfield--has-description field_description_below field_validation_below gfield_visibility_visible\"  ><label class='gfield_label gform-field-label' for='input_31_11'>Geburtsjahr<span class=\"gfield_required\"><span class=\"gfield_required gfield_required_asterisk\">*<\/span><\/span><\/label><div class='ginput_container ginput_container_text'><input name='input_11' id='input_31_11' type='text' value='' class='medium'  aria-describedby=\"gfield_description_31_11\"   aria-required=\"true\" aria-invalid=\"false\"   \/><\/div><div class='gfield_description' id='gfield_description_31_11'>Du musst mindestens 18 Jahre alt sein<\/div><\/li><li id=\"field_31_12\" class=\"gfield gfield--type-address gfield--input-type-address gfield_contains_required field_sublabel_below gfield--no-description field_description_below field_validation_below gfield_visibility_visible\"  ><label class='gfield_label gform-field-label gfield_label_before_complex' >Deine Anschrift<span class=\"gfield_required\"><span class=\"gfield_required gfield_required_asterisk\">*<\/span><\/span><\/label>    \n                    <div class='ginput_complex ginput_container has_street has_city has_zip ginput_container_address gform-grid-row' id='input_31_12' >\n                         <span class='ginput_full address_line_1 ginput_address_line_1 gform-grid-col' id='input_31_12_1_container' >\n                                        <input type='text' name='input_12.1' id='input_31_12_1' value=''    aria-required='true'    \/>\n                                        <label for='input_31_12_1' id='input_31_12_1_label' class='gform-field-label gform-field-label--type-sub '>Street Address<\/label>\n                                    <\/span><span class='ginput_left address_city ginput_address_city gform-grid-col' id='input_31_12_3_container' >\n                                    <input type='text' name='input_12.3' id='input_31_12_3' value=''    aria-required='true'    \/>\n                                    <label for='input_31_12_3' id='input_31_12_3_label' class='gform-field-label gform-field-label--type-sub '>City<\/label>\n                                 <\/span><input type='hidden' class='gform_hidden' name='input_12.4' id='input_31_12_4' value=''\/><span class='ginput_right address_zip ginput_address_zip gform-grid-col' id='input_31_12_5_container' >\n                                    <input type='text' name='input_12.5' id='input_31_12_5' value=''    aria-required='true'    \/>\n                                    <label for='input_31_12_5' id='input_31_12_5_label' class='gform-field-label gform-field-label--type-sub '>ZIP \/ Postal Code<\/label>\n                                <\/span><input type='hidden' class='gform_hidden' name='input_12.6' id='input_31_12_6' value='' \/>\n                    <div class='gf_clear gf_clear_complex'><\/div>\n                <\/div><\/li><li id=\"field_31_8\" class=\"gfield gfield--type-textarea gfield--input-type-textarea field_sublabel_below gfield--no-description field_description_below field_validation_below gfield_visibility_visible\"  ><label class='gfield_label gform-field-label' for='input_31_8'>Hast du bereits Event-Erfahrung? Falls ja, was hast du dort gemacht?<\/label><div class='ginput_container ginput_container_textarea'><textarea name='input_8' id='input_31_8' class='textarea medium'      aria-invalid=\"false\"   rows='10' cols='50'><\/textarea><\/div><\/li><li id=\"field_31_14\" class=\"gfield gfield--type-textarea gfield--input-type-textarea field_sublabel_below gfield--no-description field_description_below field_validation_below gfield_visibility_visible\"  ><label class='gfield_label gform-field-label' for='input_31_14'>Platz f\u00fcr Notizen, Hinweise, etc.<\/label><div class='ginput_container ginput_container_textarea'><textarea name='input_14' id='input_31_14' class='textarea medium'      aria-invalid=\"false\"   rows='10' cols='50'><\/textarea><\/div><\/li><li id=\"field_31_16\" class=\"gfield gfield--type-captcha gfield--input-type-captcha gfield--width-full field_sublabel_below gfield--no-description field_description_below field_validation_below gfield_visibility_visible\"  ><label class='gfield_label gform-field-label' for='input_31_16'>CAPTCHA<\/label><div id='input_31_16' class='ginput_container ginput_recaptcha' data-sitekey='6LeNE78pAAAAAJXhHCUQzx3XlE9uTrNztarIZA_r'  data-theme='light' data-tabindex='-1' data-size='invisible' data-badge='bottomright'><\/div><\/li><\/ul><\/div>\n        <div class='gform-footer gform_footer top_label'> <input type='submit' id='gform_submit_button_31' class='gform_button button' onclick='gform.submission.handleButtonClick(this);' data-submission-type='submit' value='Submit'  \/> \n            <input type='hidden' class='gform_hidden' name='gform_submission_method' data-js='gform_submission_method_31' value='postback' \/>\n            <input type='hidden' class='gform_hidden' name='gform_theme' data-js='gform_theme_31' id='gform_theme_31' value='legacy' \/>\n            <input type='hidden' class='gform_hidden' name='gform_style_settings' data-js='gform_style_settings_31' id='gform_style_settings_31' value='[]' \/>\n            <input type='hidden' class='gform_hidden' name='is_submit_31' value='1' \/>\n            <input type='hidden' class='gform_hidden' name='gform_submit' value='31' \/>\n            \n            <input type='hidden' class='gform_hidden' name='gform_currency' data-currency='EUR' value='l7PjFot\/H8L6HcFq70\/hHom7fZhjvtjUGrj0TAqGtYq8cIZ\/TXzEEIl+IO5va7KxeneXuu1MHyGOUKB5BYFCu1pDMTuQ3c0XM2IIZOmDT\/liga4=' \/>\n            <input type='hidden' class='gform_hidden' name='gform_unique_id' value='' \/>\n            <input type='hidden' class='gform_hidden' name='state_31' value='WyJbXSIsImMwNjM1ZGQ1NTc3MzBjNzQwMmRjYzVkM2ZkMTg3NzhmIl0=' \/>\n            <input type='hidden' autocomplete='off' class='gform_hidden' name='gform_target_page_number_31' id='gform_target_page_number_31' value='0' \/>\n            <input type='hidden' autocomplete='off' class='gform_hidden' name='gform_source_page_number_31' id='gform_source_page_number_31' value='1' \/>\n            <input type='hidden' name='gform_field_values' value='' \/>\n            \n        <\/div>\n                        <\/form>\n                        <\/div><script type=\"text\/javascript\">\n\/* <![CDATA[ *\/\n gform.initializeOnLoaded( function() {gformInitSpinner( 31, 'https:\/\/maker-faire.de\/wp-content\/plugins\/gravityforms\/images\/spinner.svg', true );jQuery('#gform_ajax_frame_31').on('load',function(){var contents = jQuery(this).contents().find('*').html();var is_postback = contents.indexOf('GF_AJAX_POSTBACK') >= 0;if(!is_postback){return;}var form_content = jQuery(this).contents().find('#gform_wrapper_31');var is_confirmation = jQuery(this).contents().find('#gform_confirmation_wrapper_31').length > 0;var is_redirect = contents.indexOf('gformRedirect(){') >= 0;var is_form = form_content.length > 0 && ! is_redirect && ! is_confirmation;var mt = parseInt(jQuery('html').css('margin-top'), 10) + parseInt(jQuery('body').css('margin-top'), 10) + 100;if(is_form){jQuery('#gform_wrapper_31').html(form_content.html());if(form_content.hasClass('gform_validation_error')){jQuery('#gform_wrapper_31').addClass('gform_validation_error');} else {jQuery('#gform_wrapper_31').removeClass('gform_validation_error');}setTimeout( function() { \/* delay the scroll by 50 milliseconds to fix a bug in chrome *\/  }, 50 );if(window['gformInitDatepicker']) {gformInitDatepicker();}if(window['gformInitPriceFields']) {gformInitPriceFields();}var current_page = jQuery('#gform_source_page_number_31').val();gformInitSpinner( 31, 'https:\/\/maker-faire.de\/wp-content\/plugins\/gravityforms\/images\/spinner.svg', true );jQuery(document).trigger('gform_page_loaded', [31, current_page]);window['gf_submitting_31'] = false;}else if(!is_redirect){var confirmation_content = jQuery(this).contents().find('.GF_AJAX_POSTBACK').html();if(!confirmation_content){confirmation_content = contents;}jQuery('#gform_wrapper_31').replaceWith(confirmation_content);jQuery(document).trigger('gform_confirmation_loaded', [31]);window['gf_submitting_31'] = false;wp.a11y.speak(jQuery('#gform_confirmation_message_31').text());}else{jQuery('#gform_31').append(contents);if(window['gformRedirect']) {gformRedirect();}}jQuery(document).trigger(\"gform_pre_post_render\", [{ formId: \"31\", currentPage: \"current_page\", abort: function() { this.preventDefault(); } }]);        if (event && event.defaultPrevented) {                return;        }        const gformWrapperDiv = document.getElementById( \"gform_wrapper_31\" );        if ( gformWrapperDiv ) {            const visibilitySpan = document.createElement( \"span\" );            visibilitySpan.id = \"gform_visibility_test_31\";            gformWrapperDiv.insertAdjacentElement( \"afterend\", visibilitySpan );        }        const visibilityTestDiv = document.getElementById( \"gform_visibility_test_31\" );        let postRenderFired = false;        function triggerPostRender() {            if ( postRenderFired ) {                return;            }            postRenderFired = true;            gform.core.triggerPostRenderEvents( 31, current_page );            if ( visibilityTestDiv ) {                visibilityTestDiv.parentNode.removeChild( visibilityTestDiv );            }        }        function debounce( func, wait, immediate ) {            var timeout;            return function() {                var context = this, args = arguments;                var later = function() {                    timeout = null;                    if ( !immediate ) func.apply( context, args );                };                var callNow = immediate && !timeout;                clearTimeout( timeout );                timeout = setTimeout( later, wait );                if ( callNow ) func.apply( context, args );            };        }        const debouncedTriggerPostRender = debounce( function() {            triggerPostRender();        }, 200 );        if ( visibilityTestDiv && visibilityTestDiv.offsetParent === null ) {            const observer = new MutationObserver( ( mutations ) => {                mutations.forEach( ( mutation ) => {                    if ( mutation.type === 'attributes' && visibilityTestDiv.offsetParent !== null ) {                        debouncedTriggerPostRender();                        observer.disconnect();                    }                });            });            observer.observe( document.body, {                attributes: true,                childList: false,                subtree: true,                attributeFilter: [ 'style', 'class' ],            });        } else {            triggerPostRender();        }    } );} ); \n\/* ]]> *\/\n<\/script>\n\n<\/p><\/div>\n<\/p><\/div>\n<\/p><\/div>\n<\/p><\/div>\n<\/section>\n","protected":false},"excerpt":{"rendered":"<p>Eine Maker Faire lebt von der Community. Sei als Helfer\/in beim Aufbauen, Abbauen und anderen unterst\u00fctzenden Arbeiten dabei und werde Teil einer sympathischen Crew! Du erh\u00e4ltst einen guten Einblick hinter die Kulissen und die Organisation, Zugang zu allen Bereichen und wir versprechen dir ein wirklich cooles Wochenende! Als Dankesch\u00f6n f\u00fcr deinen Einsatz bekommst du ein &hellip;<\/p>","protected":false},"author":2,"featured_media":6566,"parent":0,"menu_order":0,"comment_status":"closed","ping_status":"open","template":"template-builder.php","meta":{"footnotes":""},"class_list":["post-68","page","type-page","status-publish","has-post-thumbnail","hentry"],"_links":{"self":[{"href":"https:\/\/maker-faire.de\/en\/wp-json\/wp\/v2\/pages\/68","targetHints":{"allow":["GET"]}}],"collection":[{"href":"https:\/\/maker-faire.de\/en\/wp-json\/wp\/v2\/pages"}],"about":[{"href":"https:\/\/maker-faire.de\/en\/wp-json\/wp\/v2\/types\/page"}],"author":[{"embeddable":true,"href":"https:\/\/maker-faire.de\/en\/wp-json\/wp\/v2\/users\/2"}],"replies":[{"embeddable":true,"href":"https:\/\/maker-faire.de\/en\/wp-json\/wp\/v2\/comments?post=68"}],"version-history":[{"count":81,"href":"https:\/\/maker-faire.de\/en\/wp-json\/wp\/v2\/pages\/68\/revisions"}],"predecessor-version":[{"id":33574,"href":"https:\/\/maker-faire.de\/en\/wp-json\/wp\/v2\/pages\/68\/revisions\/33574"}],"wp:featuredmedia":[{"embeddable":true,"href":"https:\/\/maker-faire.de\/en\/wp-json\/wp\/v2\/media\/6566"}],"wp:attachment":[{"href":"https:\/\/maker-faire.de\/en\/wp-json\/wp\/v2\/media?parent=68"}],"curies":[{"name":"wp","href":"https:\/\/api.w.org\/{rel}","templated":true}]}}