{"id":14671,"date":"2018-09-05T17:57:50","date_gmt":"2018-09-05T15:57:50","guid":{"rendered":"https:\/\/maker-faire.de\/?page_id=14671"},"modified":"2024-10-07T11:49:22","modified_gmt":"2024-10-07T09:49:22","slug":"die-redaktion","status":"publish","type":"page","link":"https:\/\/maker-faire.de\/en\/die-redaktion\/","title":{"rendered":"Die Redaktion"},"content":{"rendered":"<p>In Deutschland, \u00d6sterreich und der Schweiz werden alle offiziellen Maker Faires vom deutschsprachigen Make-Magazin pr\u00e4sentiert. Bei der gr\u00f6\u00dften Maker Faire in Hannover ist die Redaktion mit einem Stand vertreten und ihr k\u00f6nnt die Redakteure pers\u00f6nlich kennenlernen.<\/p>\n<p><img fetchpriority=\"high\" decoding=\"async\" class=\"wp-image-28747 alignleft\" src=\"https:\/\/maker-faire.de\/wp-content\/uploads\/2024\/10\/Make-Redaktion-MFH24-401x300.jpg\" alt=\"\" width=\"659\" height=\"493\" data-wp-pid=\"28747\" srcset=\"https:\/\/maker-faire.de\/wp-content\/uploads\/2024\/10\/Make-Redaktion-MFH24-401x300.jpg 401w, https:\/\/maker-faire.de\/wp-content\/uploads\/2024\/10\/Make-Redaktion-MFH24-1024x765.jpg 1024w, https:\/\/maker-faire.de\/wp-content\/uploads\/2024\/10\/Make-Redaktion-MFH24-1536x1148.jpg 1536w, https:\/\/maker-faire.de\/wp-content\/uploads\/2024\/10\/Make-Redaktion-MFH24-2048x1531.jpg 2048w, https:\/\/maker-faire.de\/wp-content\/uploads\/2024\/10\/Make-Redaktion-MFH24-1200x900-cropped.jpg 1200w, https:\/\/maker-faire.de\/wp-content\/uploads\/2024\/10\/Make-Redaktion-MFH24-401x300@2x.jpg 802w\" sizes=\"(max-width: 659px) 100vw, 659px\" \/><\/p>\n<h3><\/h3>\n<h3><strong>Chef-Maker<\/strong><\/h3>\n<p>Er selbst bezeichnet sich als \u201eKoordinator der Mannschaft\u201c, offiziell lautet sein Titel\u00a0<strong>Editor-in-chief<\/strong>\u00a0der Make, aber eigentlich nennen alle ihn nur Daniel.\u00a0<strong>Daniel Bachfeld<\/strong> leitet das Redaktionsteam der Make seit Beginn der Maker Media und will sich gar nichts anderes mehr vorstellen.<\/p>\n<p><img decoding=\"async\" class=\"wp-image-14688 alignright\" src=\"https:\/\/maker-faire.de\/wp-content\/uploads\/2018\/09\/Daniel-Bachfeld-267x300.jpg\" alt=\"\" width=\"264\" height=\"297\" data-wp-pid=\"14688\" srcset=\"https:\/\/maker-faire.de\/wp-content\/uploads\/2018\/09\/Daniel-Bachfeld-267x300.jpg 267w, https:\/\/maker-faire.de\/wp-content\/uploads\/2018\/09\/Daniel-Bachfeld-911x1024.jpg 911w, https:\/\/maker-faire.de\/wp-content\/uploads\/2018\/09\/Daniel-Bachfeld-800x899.jpg 800w, https:\/\/maker-faire.de\/wp-content\/uploads\/2018\/09\/Daniel-Bachfeld-267x300@2x.jpg 534w, https:\/\/maker-faire.de\/wp-content\/uploads\/2018\/09\/Daniel-Bachfeld-911x1024@2x.jpg 1822w, https:\/\/maker-faire.de\/wp-content\/uploads\/2018\/09\/Daniel-Bachfeld-800x899@2x.jpg 1600w\" sizes=\"(max-width: 264px) 100vw, 264px\" \/><\/p>\n<p>\u201eBei anderen Magazinen sitzen die Chefredakteure in der oberen Etage, dirigieren, bestimmen irgendwelche Abl\u00e4ufe, ohne dass sie selbst noch eine Ahnung haben, was wirklich passiert\u201c, gibt er zu bedenken. Bei der Make sieht das \u201eChef-sein\u201c etwas anders aus: Ein Schild mit roter Make-Leuchtschrift h\u00e4ngt \u00fcber dem Eingang, eine Yoda-Figur mit S\u00fc\u00dfigkeiten-Schale in den H\u00e4nden und ein abgetrennter Gummi-Arm begr\u00fc\u00dfen Besucher und Kollegen. Ein kleiner Raum, gut ausgef\u00fcllt mit zwei Schreibtischen, sein Stellvertreter Peter K\u00f6nig ihm gegen\u00fcber und um sie herum jede Menge Allerlei: hier f\u00fchlt sich Daniel Bachfeld wohl.<\/p>\n<p>Als Make-Chef gibt der T-Shirt-S\u00fcchtige \u2013 immerhin 101 verr\u00fcckte und zumeist selbst produzierte Exemplare h\u00e4ufen sich in seinem Schrank \u2013 l\u00e4ngst nicht nur Anweisungen. Er koordiniert zwar das Heft, den Ticker, die Baus\u00e4tze, den Stand auf der Maker Faire und vieles mehr, aber er schreibt nach wie vor eigene Artikel und redigiert wie alle anderen auch Texte externer Autoren.<\/p>\n<p>Bei seinem Job hat er die M\u00f6glichkeit, das zu sein, was er liebt: ein Maker. \u201eDas war ich schon immer und das werde ich immer sein\u201c, erz\u00e4hlt er mit gl\u00e4nzenden Augen. Alles, was mit Microcontrollern und Robotik zu tun hat, hat es ihm angetan. Sein Lieblingsprojekt: ein selbstgebauter Quadrocopter. \u201eWenn die Drohne das erste Mal abhebt, bekommt man ganz zittrige H\u00e4nde und Herzrasen\u201c, schw\u00e4rmt der Ingenieur f\u00fcr Nachrichtentechnik. Dass das Ger\u00e4t kurz nach dem Start das Fahrrad der Nachbarn und beinahe auch das Auto erwischt hat, schm\u00e4lert keinesfalls das Gl\u00fccksgef\u00fchl beim Erinnern.<\/p>\n<p>Zum Gl\u00fcck ist auf einer Maker Faire noch nie etwas schief gegangen. W\u00e4hrend seine Frau Sandra an ihrem Stand N\u00e4hk\u00fcnste pr\u00e4sentiert, hat Daniel viele Meetings und etliche Pressetermine. Seine freie Zeit nutzt er, um sich am Make-Stand umzuschauen oder verschiedenste Robotik-Projekte auszutesten. \u201eDie Maker Faire ist einfach ein geiles Festival mit viel technischer Inspiration.\u201c<\/p>\n<h3>Schon als Kind ein Maker<\/h3>\n<p>\u201eIch bin ein Maker!\u201c, f\u00fcr <strong>Carsten Wartmann<\/strong> stand das schon als Kind fest. Nur nannte man sich damals nicht Maker, sondern Bastler. Die Leidenschaft f\u00fcr das Basteln erbte Carsten von seinem Gro\u00dfvater. Auch er war ein berufener DIY-Profi, ein wahres \u201eMaker-Urgestein\u201c, berichtet sein Enkel. Gemeinsam fertigten sie Modelleisenbahnen an oder lie\u00dfen ihrer Fantasie bei diversen Projekten freien Lauf. Auch wenn damals Reparaturen und anderweitige Arbeiten nicht zum Vergn\u00fcgen, sondern aus der Notwendigkeit heraus in die eigene Hand genommen wurden, genoss Carsten die gemeinsame Zeit mit seinem Gro\u00dfvater.<\/p>\n<p><img decoding=\"async\" class=\"wp-image-21414 alignright\" src=\"https:\/\/maker-faire.de\/wp-content\/uploads\/2021\/05\/1859x1240_Wartmann-Carsten_4-Etage-450x300.jpg\" alt=\"\" width=\"344\" height=\"229\" data-wp-pid=\"21414\" data-pin-nopin=\"nopin\" srcset=\"https:\/\/maker-faire.de\/wp-content\/uploads\/2021\/05\/1859x1240_Wartmann-Carsten_4-Etage-450x300.jpg 450w, https:\/\/maker-faire.de\/wp-content\/uploads\/2021\/05\/1859x1240_Wartmann-Carsten_4-Etage-1024x683.jpg 1024w, https:\/\/maker-faire.de\/wp-content\/uploads\/2021\/05\/1859x1240_Wartmann-Carsten_4-Etage-1536x1025.jpg 1536w, https:\/\/maker-faire.de\/wp-content\/uploads\/2021\/05\/1859x1240_Wartmann-Carsten_4-Etage-1200x800.jpg 1200w, https:\/\/maker-faire.de\/wp-content\/uploads\/2021\/05\/1859x1240_Wartmann-Carsten_4-Etage.jpg 1859w, https:\/\/maker-faire.de\/wp-content\/uploads\/2021\/05\/1859x1240_Wartmann-Carsten_4-Etage-450x300@2x.jpg 900w\" sizes=\"(max-width: 344px) 100vw, 344px\" \/>Irgendwann wurden Chemie- und Elektrobaukasten zu unspektakul\u00e4r f\u00fcr Carsten. Als Zw\u00f6lf-J\u00e4hriger baute er seine eigene Lichtorgel. Die 220 Volt, mit denen er hantierte, beeindruckten ihn eher weniger \u2013 etwas \u00fcber ambitioniert, gibt er heute zu.<\/p>\n<p>Nach seiner Ausbildung zum Galvaniseur nahm Carsten ein Studium der Bioverfahrenstechnik an der Technischen Fachhochschule Berlin auf, das er als Diplom-Ingenieur abschloss.<br \/>\nHeute besch\u00e4ftigt sich Carsten gerne mit Modellflug und elektronischer Musik. Hobbys, die viel Raum einnehmen, wortw\u00f6rtlich. Aber ihm auch die M\u00f6glichkeit bieten, seiner Maker-Berufung nachzugehen.<br \/>\nEin ganz einzigartiges Projekt war der Hausbau. Ein eigenes Haus zu haben, bedeutet, es gibt immer was zu tun. Carsten sagt: \u201eWenn man ein Haus baut, wird man automatisch zum Maker\u201c.<\/p>\n<p>Schon vor seiner Zeit beim Make-Magazin war Carsten im Rahmen der Maker Faire t\u00e4tig. Seit 2015 betreute er jedes Jahr einen Stand f\u00fcr den d.punkt Verlag, an dem, unter vielen anderen, sein Buch pr\u00e4sentiert wurde. Ein Fachbuch \u00fcber die Open-Source-Software \u201eBlender\u201c, ein Programm, das zur Erstellung von 3D-Grafiken dient. Dar\u00fcber hinaus stellte er eigene Projekte aus. Dazu geh\u00f6rten eine Teleskopsteuerung oder auch ein Arcade-Bartop.<\/p>\n<p>Ein besonderer \u201eFanboy\u201c-Moment f\u00fcr Carsten war die Begegnung mit dem Konstrukteur des Prusa i3, Josef Pr\u016f\u0161a. Die beiden tauschten sich unter anderem \u00fcber eine Spielkonsole aus, die Carsten mit dem 3D-Drucker herstellte.<br \/>\nEbendieser Austausch mit anderen kreativen K\u00f6pfen macht den besonderen Reiz der Maker Faire aus \u2013 und die Veranstaltung jedes Mal aufs Neue zu einem gro\u00dfartigen Erlebnis.<\/p>\n<h3>Als Produktdesigner bei der Make<\/h3>\n<p>Man kann ihn vom Weitem schon an seinen langen Haaren erkennen, die er gern und oft offen tr\u00e4gt &#8211; und an seiner guten Laune.\u00a0 <strong>\u00c1kos<\/strong> <strong>Fodor<\/strong> ist seit November 2021 <strong>Volont\u00e4r<\/strong> bei dem Make-Magazin und unterst\u00fctzt die Redaktion mit seiner Erfahrung als Designer, Maker und Dozent. Zum Redakteursjob sei er zuf\u00e4llig gekommen, er sei ein klassischer Quereinsteiger, berichtet der geb\u00fcrtige Ungar, aber schon immer Maker und technikinteressiert.<img loading=\"lazy\" decoding=\"async\" class=\"alignright size-medium wp-image-24218\" src=\"https:\/\/maker-faire.de\/wp-content\/uploads\/2022\/09\/Akos-447x300.jpg\" alt=\"\" width=\"447\" height=\"300\" data-wp-pid=\"24218\" srcset=\"https:\/\/maker-faire.de\/wp-content\/uploads\/2022\/09\/Akos-447x300.jpg 447w, https:\/\/maker-faire.de\/wp-content\/uploads\/2022\/09\/Akos-1024x688.jpg 1024w, https:\/\/maker-faire.de\/wp-content\/uploads\/2022\/09\/Akos-1536x1032.jpg 1536w, https:\/\/maker-faire.de\/wp-content\/uploads\/2022\/09\/Akos-2048x1375.jpg 2048w, https:\/\/maker-faire.de\/wp-content\/uploads\/2022\/09\/Akos-447x300@2x.jpg 894w\" sizes=\"(max-width: 447px) 100vw, 447px\" \/><\/p>\n<p>\u00c1kos studierte in Hannover an der Hochschule Produktdesign und war danach zwei Jahre selbstst\u00e4ndig, bevor er dann sieben Jahre als Trainer im Apple Store arbeitete. Er zeigte Kunden auf, wie vielf\u00e4ltig das Funktionsangebot von verschiedenen Ger\u00e4ten ist und wie man dieses kreativ nutzt.<\/p>\n<p>In seiner Abschlussarbeit im Studium besch\u00e4ftigte sich \u00c1kos der experimentellen Verwendung von 3D-Druckern in Form von gedruckten Nudeln f\u00fcr die Erlebnisgastronomie. Seitdem ist er dem Thema Rapid Prototyping treu geblieben und hat mit einem Adapter-Entwurf w\u00e4hrend der Corona-Pandemie auch \u00c4rzte bei ihrer Arbeit unterst\u00fctzen k\u00f6nnen. \u201eDie Stellenanzeige als Make-Redakteur hat mich total angesprochen, weil der Job genau die Dinge vereint, die mir am meisten Spa\u00df bereiten: Design, Making und Wissen vermitteln.\u201c, wie der Hannoveraner schmunzelnd erz\u00e4hlt. In seinem Job habe es ihm besonders der Bereich Mechanik mit all seinen M\u00f6glichkeiten angetan. Digitale Inhalte, wie Computerspiele, in haptische Erlebnisse zu \u00fcbersetzen, sowie das Thema Animatronik reizen ihn sehr.<\/p>\n<p>Der Bau einer animatronischen Posteule hat ihm besonders viel Spa\u00df gemacht. Dieses Projekt wird auch auf der Maker Faire in Hannover zu sehen sein. Unser Make-Redakteur freut sich auch schon auf die Maker Faire und hofft dort unter Gleichgesinnten kreative Ideen zu entdecken und auf einen guten Austausch. \u201eBislang war ich nur Besucher auf der Maker Faire und sie diesmal selbst mit zu veranstalten ist klasse.\u201d, erz\u00e4hlt er.<\/p>\n<p>Au\u00dferhalb seiner Arbeit braucht \u00c1kos aber auch andere Sachen als Technik und Mechanik in seinem Leben, weshalb Kochen, Reisen und das Z\u00fcchten von Pflanzen und B\u00e4umen zu seinen Hobbys z\u00e4hlen. \u00c1kos bringt neue Ideen in die Redaktion mit ein und kann mit seinem Master in Produktdesign und der freiberuflichen Erfahrung besonders im Bereich Konstruktion und Design helfen. Redaktionell freut er sich auf die vielen spannenden Maker-Projekte, die noch auf ihn warten.<\/p>\n<h3>Maker von klein auf<\/h3>\n<p><span data-contrast=\"auto\">Eigentlich wollte er zur c\u2019t, doch dann startete er seine berufliche Karriere beim Make-Magazin und zwar als <\/span><b><span data-contrast=\"auto\">Technical Writer<\/span><\/b><span data-contrast=\"auto\">.\u00a0<\/span><span data-ccp-props=\"{&quot;201341983&quot;:0,&quot;335551550&quot;:6,&quot;335551620&quot;:6,&quot;335559738&quot;:240,&quot;335559740&quot;:360}\">\u00a0<\/span><\/p>\n<p><b><span data-contrast=\"auto\">Daniel Schwabe<\/span><\/b><span data-contrast=\"auto\"> ist der \u201eNeue\u201c und derzeit J\u00fcngste im Redaktionsteam; seit Mai 2023 arbeitet er in der Make-Redaktion. Der 26-J\u00e4hrige ist waschechter M\u00fcnchner, studierte\u00a0 technische Redaktion und Kommunikation und f\u00fchlt sich eher auf dem Land zuhause. Daher arbeitet er auch meistens im Home-Office in Markt Die\u00dfen am wundersch\u00f6nen <\/span><span data-contrast=\"none\">Ammersee, <\/span><span data-contrast=\"none\">etwa 40 Kilometer s\u00fcdwestlich von M\u00fcnchen.<\/span><span data-contrast=\"none\">\u00a0<\/span><span data-ccp-props=\"{&quot;201341983&quot;:0,&quot;335551550&quot;:6,&quot;335551620&quot;:6,&quot;335559738&quot;:240,&quot;335559740&quot;:360}\">\u00a0<\/span><\/p>\n<p><img loading=\"lazy\" decoding=\"async\" class=\"wp-image-24877 alignright\" src=\"https:\/\/maker-faire.de\/wp-content\/uploads\/2023\/05\/MicrosoftTeams-image-3.jpg\" alt=\"\" width=\"428\" height=\"285\" data-wp-pid=\"24218\" srcset=\"https:\/\/maker-faire.de\/wp-content\/uploads\/2023\/05\/MicrosoftTeams-image-3.jpg 2560w, https:\/\/maker-faire.de\/wp-content\/uploads\/2023\/05\/MicrosoftTeams-image-3-450x300.jpg 450w, https:\/\/maker-faire.de\/wp-content\/uploads\/2023\/05\/MicrosoftTeams-image-3-1024x683.jpg 1024w, https:\/\/maker-faire.de\/wp-content\/uploads\/2023\/05\/MicrosoftTeams-image-3-1536x1024.jpg 1536w, https:\/\/maker-faire.de\/wp-content\/uploads\/2023\/05\/MicrosoftTeams-image-3-2048x1366.jpg 2048w, https:\/\/maker-faire.de\/wp-content\/uploads\/2023\/05\/MicrosoftTeams-image-3-450x300@2x.jpg 900w\" sizes=\"(max-width: 428px) 100vw, 428px\" \/><\/p>\n<p><span data-contrast=\"auto\">Schon immer interessierte sich Daniel f\u00fcrs Selbermachen. \u201eDas Basteln und Frickeln habe ich quasi mit der Muttermilch aufgesogen\u201c, erz\u00e4hlt er. Zuhause in der Familie wurde viel gewerkelt, in der Schule beteiligte er sich an etlichen DIY-Projekten, sogar ein autonomes Auto baute er. Und war da ja noch sein Vater, der ihn pr\u00e4gte: Der fr\u00fchere Chefredakteur des Elektronikmagazins Elrad, dem ersten Heise-Titel \u00fcberhaupt, inspirierte ihn immer wieder, sodass sich das \u201eMaker-Dasein\u201c wie ein roter Faden durch sein Leben zog.\u00a0<\/span><span data-ccp-props=\"{&quot;201341983&quot;:0,&quot;335551550&quot;:6,&quot;335551620&quot;:6,&quot;335559738&quot;:240,&quot;335559740&quot;:360}\">\u00a0<\/span><\/p>\n<p><span data-contrast=\"auto\">Fragt man ihm nach seinem gr\u00f6\u00dften Vorbild, muss er nicht lange \u00fcberlegen: Peter Lustig ist es, der Kultmoderator aus dem Bauwagen. Seine Sendung \u201eL\u00f6wenzahn\u201c hat er schon als kleiner Steppke geschaut und war fasziniert. \u201eVon ihm habe ich mir sehr viel abgeschaut \u2026\u201c erinnert sich Daniel.\u00a0<\/span><span data-ccp-props=\"{&quot;201341983&quot;:0,&quot;335551550&quot;:6,&quot;335551620&quot;:6,&quot;335559738&quot;:240,&quot;335559740&quot;:360}\">\u00a0<\/span><\/p>\n<p><span data-contrast=\"auto\">Vor Kurzem schrieb er f\u00fcr die Make einen Artikel \u00fcber Lightguns, so nennen sich <\/span><span data-contrast=\"none\">optische Eingabeger\u00e4te f\u00fcr Computerspiele. \u201eDas hat mir gro\u00dfen Spa\u00df gemacht. Es war einerseits sch\u00f6n zu sehen, wie der Artikel Gestalt angenommen hat und andererseits hat es mich gefreut,<\/span><span data-contrast=\"auto\"> etwas Selbstgebautes gleich benutzen zu k\u00f6nnen. Das macht ja auch den Reiz des Selbermachens aus.\u201c<\/span><span data-ccp-props=\"{&quot;201341983&quot;:0,&quot;335551550&quot;:6,&quot;335551620&quot;:6,&quot;335559738&quot;:240,&quot;335559740&quot;:360}\">\u00a0<\/span><\/p>\n<p><span data-contrast=\"auto\">Nach Feierabend verbringt er seine Zeit am liebsten mit alten, unbekannten und obskuren Videospielen. Oder aber er erkundet die verschiedensten Escape Rooms in Deutschland. In 40 verschiedenen Abenteuerr\u00e4umen hat er bereits R\u00e4tsel gel\u00f6st.<\/span><span data-ccp-props=\"{&quot;201341983&quot;:0,&quot;335551550&quot;:6,&quot;335551620&quot;:6,&quot;335559738&quot;:240,&quot;335559740&quot;:360}\">\u00a0<\/span><\/p>","protected":false},"excerpt":{"rendered":"<p>In Deutschland, \u00d6sterreich und der Schweiz werden alle offiziellen Maker Faires vom deutschsprachigen Make-Magazin pr\u00e4sentiert. Bei der gr\u00f6\u00dften Maker Faire in Hannover ist die Redaktion mit einem Stand vertreten und ihr k\u00f6nnt die Redakteure pers\u00f6nlich kennenlernen. Chef-Maker Er selbst bezeichnet sich als \u201eKoordinator der Mannschaft\u201c, offiziell lautet sein Titel\u00a0Chefredakteur\u00a0der Make, aber eigentlich nennen alle ihn &hellip;<\/p>","protected":false},"author":156,"featured_media":28747,"parent":0,"menu_order":0,"comment_status":"closed","ping_status":"closed","template":"","meta":{"footnotes":""},"class_list":["post-14671","page","type-page","status-publish","has-post-thumbnail","hentry"],"_links":{"self":[{"href":"https:\/\/maker-faire.de\/en\/wp-json\/wp\/v2\/pages\/14671","targetHints":{"allow":["GET"]}}],"collection":[{"href":"https:\/\/maker-faire.de\/en\/wp-json\/wp\/v2\/pages"}],"about":[{"href":"https:\/\/maker-faire.de\/en\/wp-json\/wp\/v2\/types\/page"}],"author":[{"embeddable":true,"href":"https:\/\/maker-faire.de\/en\/wp-json\/wp\/v2\/users\/156"}],"replies":[{"embeddable":true,"href":"https:\/\/maker-faire.de\/en\/wp-json\/wp\/v2\/comments?post=14671"}],"version-history":[{"count":32,"href":"https:\/\/maker-faire.de\/en\/wp-json\/wp\/v2\/pages\/14671\/revisions"}],"predecessor-version":[{"id":28750,"href":"https:\/\/maker-faire.de\/en\/wp-json\/wp\/v2\/pages\/14671\/revisions\/28750"}],"wp:featuredmedia":[{"embeddable":true,"href":"https:\/\/maker-faire.de\/en\/wp-json\/wp\/v2\/media\/28747"}],"wp:attachment":[{"href":"https:\/\/maker-faire.de\/en\/wp-json\/wp\/v2\/media?parent=14671"}],"curies":[{"name":"wp","href":"https:\/\/api.w.org\/{rel}","templated":true}]}}