{"id":111,"date":"2015-01-15T15:29:03","date_gmt":"2015-01-15T14:29:03","guid":{"rendered":"http:\/\/maker-faire.de\/?page_id=111"},"modified":"2026-04-14T10:15:14","modified_gmt":"2026-04-14T08:15:14","slug":"startseite-3","status":"publish","type":"page","link":"https:\/\/maker-faire.de\/en\/","title":{"rendered":"Home"},"content":{"rendered":"<div data-elementor-type=\"wp-page\" data-elementor-id=\"111\" class=\"elementor elementor-111\" data-elementor-post-type=\"page\">\n\t\t\t\t<div class=\"elementor-element elementor-element-5d360bd e-con-full e-flex e-con e-parent\" data-id=\"5d360bd\" data-element_type=\"container\" data-e-type=\"container\">\n\t\t\t\t<div class=\"elementor-element elementor-element-251a3f4 elementor--h-position-right elementor-hidden-desktop elementor-hidden-tablet elementor--v-position-middle elementor-arrows-position-inside elementor-widget elementor-widget-slides\" data-id=\"251a3f4\" data-element_type=\"widget\" data-e-type=\"widget\" data-settings=\"{&quot;navigation&quot;:&quot;arrows&quot;,&quot;autoplay_speed&quot;:3000,&quot;transition_speed&quot;:400,&quot;autoplay&quot;:&quot;yes&quot;,&quot;pause_on_hover&quot;:&quot;yes&quot;,&quot;pause_on_interaction&quot;:&quot;yes&quot;,&quot;infinite&quot;:&quot;yes&quot;,&quot;transition&quot;:&quot;slide&quot;}\" data-widget_type=\"slides.default\">\n\t\t\t\t\t\t\t\t\t\t<div class=\"elementor-slides-wrapper elementor-main-swiper swiper\" role=\"region\" aria-roledescription=\"carousel\" aria-label=\"Slider Startseite \" dir=\"ltr\" data-animation=\"\">\n\t\t\t\t<div class=\"swiper-wrapper elementor-slides\">\n\t\t\t\t\t\t\t\t\t\t<div class=\"elementor-repeater-item-5e66ad8 swiper-slide\" role=\"group\" aria-roledescription=\"slide\"><div class=\"swiper-slide-bg\" role=\"img\" aria-label=\"Homepage mit linksb\u00fcndigem Hero-Image\"><\/div><div class=\"elementor-background-overlay\"><\/div><a class=\"swiper-slide-inner\" href=\"https:\/\/maker-faire.de\/en\/hannover\/aussteller\/\"><div class=\"swiper-slide-contents\"><div class=\"elementor-slide-heading\">Die Ausstelleranmeldung <br> Maker Faire <br>Hannover 2026 <br> ist ge\u00f6ffnet<\/div><div class=\"elementor-slide-description\">August 15\u201316, 2026<\/div><div  class=\"elementor-button elementor-slide-button elementor-size-sm\">Click here<\/div><\/div><\/a><\/div><div class=\"elementor-repeater-item-26cee13 swiper-slide\" role=\"group\" aria-roledescription=\"slide\"><div class=\"swiper-slide-bg\" role=\"img\" aria-label=\"Homepage mit linksb\u00fcndigem Hero-Image\"><\/div><div class=\"elementor-background-overlay\"><\/div><a class=\"swiper-slide-inner\" href=\"https:\/\/maker-faire.de\/hannover\/tickets\/\"><div class=\"swiper-slide-contents\"><div class=\"elementor-slide-heading\">Komm zur <br> Maker Faire Hannover 2026 <\/div><div class=\"elementor-slide-description\">15. und 16. August<br>\n\nHannover Congress Centrum <br>\nTheodor-Heuss-Platz 1-3,  <br>\n30175 Hannover<\/div><div  class=\"elementor-button elementor-slide-button elementor-size-sm\">Zum Ticketshop<\/div><\/div><\/a><\/div>\t\t\t\t<\/div>\n\t\t\t\t\t\t\t\t\t\t\t\t\t\t\t<div class=\"elementor-swiper-button elementor-swiper-button-prev\" role=\"button\" tabindex=\"0\" aria-label=\"Vorheriger Slide\">\n\t\t\t\t\t\t\t<svg aria-hidden=\"true\" class=\"e-font-icon-svg e-eicon-chevron-left\" viewbox=\"0 0 1000 1000\" xmlns=\"http:\/\/www.w3.org\/2000\/svg\"><path d=\"M646 125C629 125 613 133 604 142L308 442C296 454 292 471 292 487 292 504 296 521 308 533L604 854C617 867 629 875 646 875 663 875 679 871 692 858 704 846 713 829 713 812 713 796 708 779 692 767L438 487 692 225C700 217 708 204 708 187 708 171 704 154 692 142 675 129 663 125 646 125Z\"><\/path><\/svg>\t\t\t\t\t\t<\/div>\n\t\t\t\t\t\t<div class=\"elementor-swiper-button elementor-swiper-button-next\" role=\"button\" tabindex=\"0\" aria-label=\"N\u00e4chster Slide\">\n\t\t\t\t\t\t\t<svg aria-hidden=\"true\" class=\"e-font-icon-svg e-eicon-chevron-right\" viewbox=\"0 0 1000 1000\" xmlns=\"http:\/\/www.w3.org\/2000\/svg\"><path d=\"M696 533C708 521 713 504 713 487 713 471 708 454 696 446L400 146C388 133 375 125 354 125 338 125 325 129 313 142 300 154 292 171 292 187 292 204 296 221 308 233L563 492 304 771C292 783 288 800 288 817 288 833 296 850 308 863 321 871 338 875 354 875 371 875 388 867 400 854L696 533Z\"><\/path><\/svg>\t\t\t\t\t\t<\/div>\n\t\t\t\t\t\t\t\t\t\t\t\t\t\t\t\t\t<\/div>\n\t\t\t\t\t\t\t\t<\/div>\n\t\t\t\t<div class=\"elementor-element elementor-element-dcdccf7 elementor--h-position-right elementor-hidden-mobile elementor-widget__width-initial elementor--v-position-middle elementor-arrows-position-inside elementor-widget elementor-widget-slides\" data-id=\"dcdccf7\" data-element_type=\"widget\" data-e-type=\"widget\" data-settings=\"{&quot;navigation&quot;:&quot;arrows&quot;,&quot;autoplay_speed&quot;:2500,&quot;transition_speed&quot;:300,&quot;autoplay&quot;:&quot;yes&quot;,&quot;pause_on_hover&quot;:&quot;yes&quot;,&quot;pause_on_interaction&quot;:&quot;yes&quot;,&quot;infinite&quot;:&quot;yes&quot;,&quot;transition&quot;:&quot;slide&quot;}\" data-widget_type=\"slides.default\">\n\t\t\t\t\t\t\t\t\t\t<div class=\"elementor-slides-wrapper elementor-main-swiper swiper\" role=\"region\" aria-roledescription=\"carousel\" aria-label=\"Slider Startseite \" dir=\"ltr\" data-animation=\"\">\n\t\t\t\t<div class=\"swiper-wrapper elementor-slides\">\n\t\t\t\t\t\t\t\t\t\t<div class=\"elementor-repeater-item-5e66ad8 swiper-slide\" role=\"group\" aria-roledescription=\"slide\"><div class=\"swiper-slide-bg\" role=\"img\" aria-label=\"Startseite_Slider_MFH26\"><\/div><a class=\"swiper-slide-inner\" href=\"https:\/\/maker-faire.de\/hannover\/aussteller\/\" target=\"_blank\"><div class=\"swiper-slide-contents\"><div class=\"elementor-slide-heading\">Die Ausstelleranmeldung <br> Maker Faire <br>Hannover 2026 <br> ist ge\u00f6ffnet<\/div><div class=\"elementor-slide-description\">August 15\u201316, 2026<\/div><div  class=\"elementor-button elementor-slide-button elementor-size-sm\">Click here<\/div><\/div><\/a><\/div><div class=\"elementor-repeater-item-4ded398 swiper-slide\" role=\"group\" aria-roledescription=\"slide\"><div class=\"swiper-slide-bg\" role=\"img\" aria-label=\"startseite hintergrund\"><\/div><a class=\"swiper-slide-inner\" href=\"https:\/\/maker-faire.de\/hannover\/tickets\/\" target=\"_blank\"><div class=\"swiper-slide-contents\"><div class=\"elementor-slide-heading translation-block\">Discover <br> Maker Faire <br> Hannover 2026<\/div><div class=\"elementor-slide-description\">15. und 16. August<br>\n\nHannover Congress Centrum <br>\nTheodor-Heuss-Platz 1-3,  <br>\n30175 Hannover<\/div><div  class=\"elementor-button elementor-slide-button elementor-size-sm\">zum Ticketshop<\/div><\/div><\/a><\/div>\t\t\t\t<\/div>\n\t\t\t\t\t\t\t\t\t\t\t\t\t\t\t<div class=\"elementor-swiper-button elementor-swiper-button-prev\" role=\"button\" tabindex=\"0\" aria-label=\"Vorheriger Slide\">\n\t\t\t\t\t\t\t<svg aria-hidden=\"true\" class=\"e-font-icon-svg e-eicon-chevron-left\" viewbox=\"0 0 1000 1000\" xmlns=\"http:\/\/www.w3.org\/2000\/svg\"><path d=\"M646 125C629 125 613 133 604 142L308 442C296 454 292 471 292 487 292 504 296 521 308 533L604 854C617 867 629 875 646 875 663 875 679 871 692 858 704 846 713 829 713 812 713 796 708 779 692 767L438 487 692 225C700 217 708 204 708 187 708 171 704 154 692 142 675 129 663 125 646 125Z\"><\/path><\/svg>\t\t\t\t\t\t<\/div>\n\t\t\t\t\t\t<div class=\"elementor-swiper-button elementor-swiper-button-next\" role=\"button\" tabindex=\"0\" aria-label=\"N\u00e4chster Slide\">\n\t\t\t\t\t\t\t<svg aria-hidden=\"true\" class=\"e-font-icon-svg e-eicon-chevron-right\" viewbox=\"0 0 1000 1000\" xmlns=\"http:\/\/www.w3.org\/2000\/svg\"><path d=\"M696 533C708 521 713 504 713 487 713 471 708 454 696 446L400 146C388 133 375 125 354 125 338 125 325 129 313 142 300 154 292 171 292 187 292 204 296 221 308 233L563 492 304 771C292 783 288 800 288 817 288 833 296 850 308 863 321 871 338 875 354 875 371 875 388 867 400 854L696 533Z\"><\/path><\/svg>\t\t\t\t\t\t<\/div>\n\t\t\t\t\t\t\t\t\t\t\t\t\t\t\t\t\t<\/div>\n\t\t\t\t\t\t\t\t<\/div>\n\t\t\t\t<\/div>\n\t\t<div class=\"elementor-element elementor-element-409887b7 e-con-full e-flex e-con e-parent\" data-id=\"409887b7\" data-element_type=\"container\" data-e-type=\"container\">\n\t\t\t\t<div class=\"elementor-element elementor-element-55ed3707 elementor-widget elementor-widget-text-editor\" data-id=\"55ed3707\" data-element_type=\"widget\" data-e-type=\"widget\" data-widget_type=\"text-editor.default\">\n\t\t\t\t\t\t\t\t\t<section id=\"builder-section-text_199\" class=\"builder-section-first builder-section builder-section-text builder-section-next-text has-background builder-section-full-width builder-text-columns-1\" style=\"background-color: #ffffff; background-size: cover; background-repeat: no-repeat; background-position: center center;\"><div class=\"builder-section-content\"><div class=\"builder-text-row\"><div id=\"builder-section-text_199-column-1\" class=\"builder-text-column builder-text-column-1\"><div class=\"builder-text-content\"><span style=\"color: #ed1c24; font-family: Roboto, 'Helvetica Neue', Helvetica, Arial, sans-serif; font-size: 2.4rem; font-weight: bold; text-align: var(--text-align);\">Maker-Faire-News<\/span><\/div><\/div><\/div><\/div><\/section><section id=\"builder-section-postlist_50\" class=\"builder-section-prev-text builder-section builder-section-postlist builder-section-next-text -mode\" style=\"background-size: cover; background-repeat: no-repeat; background-position: center center;\"><div class=\"builder-section-content container\">\t\t<div class=\"ttfmp-post-list columns-2 thumbnail-top has-excerpt\">\n\t\t\t\n\t\t\t\t\t\t\t\t\t\t\t\t\t\t\t\t\t\t\t\t\t<div class=\"ttfmp-post-list-row\">\n\t\t\t\t\t\t\t\t\t\t<div class=\"ttfmp-post-list-item\">\n\t\t\t\t\t\t\n<header class=\"ttfmp-post-list-item-header\">\n\t\t<figure class=\"ttfmp-post-list-item-thumb position-top\">\n\t\t\t\t<div class=\"ttfmp-post-list-item-image aspect-landscape\" style=\"background-image: url(https:\/\/maker-faire.de\/wp-content\/uploads\/2026\/04\/Design-ohne-Titel.jpg);\">\n\t\t\t<a href=\"https:\/\/maker-faire.de\/en\/news\/2026\/04\/chatgpt-im-waehlscheibentelefon\/\">\n\t\t\t\t<span class=\"screen-reader-text\">\n\t\t\t\t\t\t\t\t\t<\/span>\n\t\t\t<\/a>\n\t\t<\/div>\n\t\t\t<\/figure>\n\t\t\t<h3 class=\"ttfmp-post-list-item-title\">\n\t\t<a href=\"https:\/\/maker-faire.de\/en\/news\/2026\/04\/chatgpt-im-waehlscheibentelefon\/\">\n\t\t\tChatGPT im W\u00e4hlscheibentelefon\t\t<\/a>\n\t<\/h3>\n\t\t\t<span class=\"ttfmp-post-list-item-date\">\n\t\t<a href=\"https:\/\/maker-faire.de\/en\/news\/2026\/04\/chatgpt-im-waehlscheibentelefon\/\" rel=\"bookmark\">\n\t\t\t7. April 2026\t\t<\/a>\n\t<\/span>\n\t<\/header>\n<div class=\"ttfmp-post-list-item-content\">\n\t<p>Ein umgebautes W\u00e4hlscheibentelefon wird zum KI-Gespr\u00e4chspartner: Das von Make (Ausgabe 2\/2026) pr\u00e4sentierte Projekt zeigt, wie sich ein Retro-Telefon f\u00fcr rund 100 Euro mit einem Minicomputer und ChatGPT-Anbindung ausstatten l\u00e4sst. \u00dcber die gew\u00e4hlten Ziffern lassen sich verschiedene virtuelle Pers\u00f6nlichkeiten erreichen \u2013 vom Fischh\u00e4ndler bis zur G\u00e4rtnerin. Die KI reagiert in Echtzeit,&hellip; <a class=\"more-link\" href=\"https:\/\/maker-faire.de\/en\/news\/2026\/04\/chatgpt-im-waehlscheibentelefon\/\">Read more<\/a><\/p>\n<\/div>\n\t\t\t\t\t<\/div>\n\t\t\t\t\t\t\t\t\t\t\t\t\t\t\t\t\t\t\t\t\t\t\t\t\t\t\t\t\t\t\t\t\t<div class=\"ttfmp-post-list-item last\">\n\t\t\t\t\t\t\n<header class=\"ttfmp-post-list-item-header\">\n\t\t<figure class=\"ttfmp-post-list-item-thumb position-top\">\n\t\t\t\t<div class=\"ttfmp-post-list-item-image aspect-landscape\" style=\"background-image: url(https:\/\/maker-faire.de\/wp-content\/uploads\/2026\/03\/praktikant.jpg);\">\n\t\t\t<a href=\"https:\/\/maker-faire.de\/en\/news\/2026\/03\/praktikant-m-w-d-eventmanagement-fuer-die-maker-faire-wir-suchen-verstaerkung\/\">\n\t\t\t\t<span class=\"screen-reader-text\">\n\t\t\t\t\t\t\t\t\t<\/span>\n\t\t\t<\/a>\n\t\t<\/div>\n\t\t\t<\/figure>\n\t\t\t<h3 class=\"ttfmp-post-list-item-title\">\n\t\t<a href=\"https:\/\/maker-faire.de\/en\/news\/2026\/03\/praktikant-m-w-d-eventmanagement-fuer-die-maker-faire-wir-suchen-verstaerkung\/\">\n\t\t\tPraktikant (m\/w\/d) Eventmanagement f\u00fcr die Maker Faire: Wir suchen Verst\u00e4rkung!\t\t<\/a>\n\t<\/h3>\n\t\t\t<span class=\"ttfmp-post-list-item-date\">\n\t\t<a href=\"https:\/\/maker-faire.de\/en\/news\/2026\/03\/praktikant-m-w-d-eventmanagement-fuer-die-maker-faire-wir-suchen-verstaerkung\/\" rel=\"bookmark\">\n\t\t\t24. March 2026\t\t<\/a>\n\t<\/span>\n\t<\/header>\n<div class=\"ttfmp-post-list-item-content\">\n\t<p>Du begeisterst dich f\u00fcr den Eventbereich und m\u00f6chtest vollen Einblick in eine Messeplanung und -durchf\u00fchrung bekommen? Dar\u00fcber hinaus arbeitest du gerne mit Menschen zusammen und hast Spa\u00df an technischen Themen? Dann bewirb dich jetzt als Praktikant (m\/w\/d) im Eventmanagement von Juni 2026 bis einschlie\u00dflich August 2026. Deine Aufgaben Du unterst\u00fctzt&hellip; <a class=\"more-link\" href=\"https:\/\/maker-faire.de\/en\/news\/2026\/03\/praktikant-m-w-d-eventmanagement-fuer-die-maker-faire-wir-suchen-verstaerkung\/\">Read more<\/a><\/p>\n<\/div>\n\t\t\t\t\t<\/div>\n\t\t\t\t\t\t\t\t\t\t\t<\/div>\n\t\t\t\t\t\t\t\t\t\t\t\t\t\t\t\t\t\t\t\t\t\t\t\t\t\t\t\t\t\t\t\t\t\t<div class=\"ttfmp-post-list-row\">\n\t\t\t\t\t\t\t\t\t\t<div class=\"ttfmp-post-list-item\">\n\t\t\t\t\t\t\n<header class=\"ttfmp-post-list-item-header\">\n\t\t<figure class=\"ttfmp-post-list-item-thumb position-top\">\n\t\t\t\t<div class=\"ttfmp-post-list-item-image aspect-landscape\" style=\"background-image: url(https:\/\/maker-faire.de\/wp-content\/uploads\/2026\/02\/MF-RUHR-26.jpg);\">\n\t\t\t<a href=\"https:\/\/maker-faire.de\/en\/news\/2026\/02\/9-maker-faire-ruhr-wo-roboter-trommeln\/\">\n\t\t\t\t<span class=\"screen-reader-text\">\n\t\t\t\t\t\t\t\t\t<\/span>\n\t\t\t<\/a>\n\t\t<\/div>\n\t\t\t<\/figure>\n\t\t\t<h3 class=\"ttfmp-post-list-item-title\">\n\t\t<a href=\"https:\/\/maker-faire.de\/en\/news\/2026\/02\/9-maker-faire-ruhr-wo-roboter-trommeln\/\">\n\t\t\t9. Maker Faire Ruhr \u2013 Wo Roboter trommeln\t\t<\/a>\n\t<\/h3>\n\t\t\t<span class=\"ttfmp-post-list-item-date\">\n\t\t<a href=\"https:\/\/maker-faire.de\/en\/news\/2026\/02\/9-maker-faire-ruhr-wo-roboter-trommeln\/\" rel=\"bookmark\">\n\t\t\t27. February 2026\t\t<\/a>\n\t<\/span>\n\t<\/header>\n<div class=\"ttfmp-post-list-item-content\">\n\t<p>Max ist 4,50 Meter gro\u00df und liebt es zu trommeln. Der Riesen-Roboter geh\u00f6rt zu einem von rund\u00a0 70\u00a0 Projekten, die am 14. und 15. M\u00e4rz die DASA Arbeitswelt Ausstellung in ein buntes Kreativlabor verwandeln. Die Maker Faire Ruhr lockt zum neunten Mal T\u00fcftler, Erfinderinnen und Technikbegeisterte ins Ruhrgebiet \u2013 von&hellip; <a class=\"more-link\" href=\"https:\/\/maker-faire.de\/en\/news\/2026\/02\/9-maker-faire-ruhr-wo-roboter-trommeln\/\">Read more<\/a><\/p>\n<\/div>\n\t\t\t\t\t<\/div>\n\t\t\t\t\t\t\t\t\t\t\t\t\t\t\t\t\t\t\t\t\t\t\t\t\t\t\t\t\t\t\t\t\t<div class=\"ttfmp-post-list-item last\">\n\t\t\t\t\t\t\n<header class=\"ttfmp-post-list-item-header\">\n\t\t<figure class=\"ttfmp-post-list-item-thumb position-top\">\n\t\t\t\t<div class=\"ttfmp-post-list-item-image aspect-landscape\" style=\"background-image: url(https:\/\/maker-faire.de\/wp-content\/uploads\/2026\/02\/job-heise.jpg);\">\n\t\t\t<a href=\"https:\/\/maker-faire.de\/en\/news\/2026\/02\/redakteur-m-w-d-make-magazin-gesucht\/\">\n\t\t\t\t<span class=\"screen-reader-text\">\n\t\t\t\t\t\t\t\t\t<\/span>\n\t\t\t<\/a>\n\t\t<\/div>\n\t\t\t<\/figure>\n\t\t\t<h3 class=\"ttfmp-post-list-item-title\">\n\t\t<a href=\"https:\/\/maker-faire.de\/en\/news\/2026\/02\/redakteur-m-w-d-make-magazin-gesucht\/\">\n\t\t\tRedakteur (m\/w\/d) Make Magazin gesucht\t\t<\/a>\n\t<\/h3>\n\t\t\t<span class=\"ttfmp-post-list-item-date\">\n\t\t<a href=\"https:\/\/maker-faire.de\/en\/news\/2026\/02\/redakteur-m-w-d-make-magazin-gesucht\/\" rel=\"bookmark\">\n\t\t\t10. February 2026\t\t<\/a>\n\t<\/span>\n\t<\/header>\n<div class=\"ttfmp-post-list-item-content\">\n\t<p>Du hast ein Gesp\u00fcr f\u00fcr Technik-Trends und interessierst dich f\u00fcr die Welt der Maker? Dann bist du bei uns als Redakteur (m\/w\/d) genau richtig. Deine Aufgaben Du schreibst und redigierst Print- und Online-Texte von der Bauanleitung \u00fcber Grundlagenartikel bis zu Testberichten. Zudem stellst du die Qualit\u00e4t des Heftes sicher, wirkst&hellip; <a class=\"more-link\" href=\"https:\/\/maker-faire.de\/en\/news\/2026\/02\/redakteur-m-w-d-make-magazin-gesucht\/\">Read more<\/a><\/p>\n<\/div>\n\t\t\t\t\t<\/div>\n\t\t\t\t\t\t\t\t\t\t\t<\/div>\n\t\t\t\t\t\t\t\t\t\t\t\t\t\t\t\t\t\t\t\n\t\t\t\n\n\t\t\t\n\t\t\t\t\t<\/div>\n\t\t<\/div><\/section><section id=\"builder-section-text_144\" class=\"builder-section-prev-postlist builder-section builder-section-text builder-section-next-text has-background builder-text-columns-2 layout-6\" style=\"background-color: #bfe5ef; background-size: cover; background-repeat: no-repeat; background-position: center center;\"><div class=\"builder-section-content\"><div class=\"builder-text-row\"><div id=\"builder-section-text_144-column-1\" class=\"builder-text-column builder-text-column-1\"><div class=\"builder-text-content\"><p><strong>Want to visit a Maker Faire?<\/strong><br \/>Here\u2019s where to find the upcoming events:\u00a0<\/p><p><span class=\"elementor-price-list-title\"><strong>7.-9. Mai 2026:<\/strong> <a href=\"https:\/\/azubivibes.de\/maker-faire\/\" target=\"_blank\" rel=\"noopener\">Maker Faire Minden-L\u00fcbbecke<\/a><br \/><\/span><span class=\"elementor-price-list-title\"><strong><span class=\"elementor-price-list-price\">20.-21. Juni 2026: <\/span><\/strong><a href=\"https:\/\/makerfaire.ch\/\" target=\"_blank\" rel=\"noopener\">Maker Faire Solothurn<\/a><br \/><strong>26. Juni 2026:<\/strong> <a href=\"https:\/\/www.wuppertal.de\/microsite\/stadtbibliothek\/aktuell\/meldungen\/maker-faire-wuppertal-2026.php\" target=\"_blank\" rel=\"noopener\">Maker Faire Wuppertal<\/a><br \/><\/span><span class=\"elementor-price-list-title\"><strong><span class=\"elementor-price-list-price\">15.-16. August 2026: <\/span><\/strong><a href=\"https:\/\/maker-faire.de\/hannover\/\" target=\"_blank\" rel=\"noopener\">Maker Faire Hannover<\/a><br \/><strong>7.-8. November 2026:<\/strong> <a href=\"https:\/\/makerspace-myk.de\/makerfaire\/\" target=\"_blank\" rel=\"noopener\">Maker Faire Mittleres Rheinland<\/a><\/span><\/p><\/div><\/div><div id=\"builder-section-text_144-column-2\" class=\"builder-text-column builder-text-column-2\"><div class=\"builder-text-content\"><p><strong>Find a makerspace!\u00a0<\/strong><\/p><p class=\" translation-block\">Find a makerspace near you and <a href=\"https:\/\/maker-faire.de\/makerspaces\/\" target=\"_blank\" rel=\"noopener\">connect with makers<\/a> in your community.<\/p><p><img decoding=\"async\" class=\"alignnone size-medium wp-image-26918\" src=\"https:\/\/maker-faire.de\/wp-content\/uploads\/2024\/01\/Makerspaces-Januar-2024-253x300.jpg\" alt=\"\" width=\"253\" height=\"300\" data-wp-pid=\"26918\" srcset=\"https:\/\/maker-faire.de\/wp-content\/uploads\/2024\/01\/Makerspaces-Januar-2024-253x300.jpg 253w, https:\/\/maker-faire.de\/wp-content\/uploads\/2024\/01\/Makerspaces-Januar-2024-864x1024.jpg 864w, https:\/\/maker-faire.de\/wp-content\/uploads\/2024\/01\/Makerspaces-Januar-2024.jpg 1122w, https:\/\/maker-faire.de\/wp-content\/uploads\/2024\/01\/Makerspaces-Januar-2024-253x300@2x.jpg 506w\" sizes=\"(max-width: 253px) 100vw, 253px\" \/><\/p><\/div><\/div><\/div><\/div><\/section><section id=\"builder-section-text_138\" class=\"builder-section-prev-text builder-section builder-section-text builder-section-last has-background builder-text-columns-1\" style=\"background-color: #ffffff; background-size: cover; background-repeat: no-repeat; background-position: center center;\"><div class=\"builder-section-content\"><div class=\"builder-text-row\"><div id=\"builder-section-text_138-column-1\" class=\"builder-text-column builder-text-column-1\"><div class=\"builder-text-content\"><blockquote class=\"ttfmake-testimonial\"><p>\u00a0<span class=\"ttfmake-icon mceNonEditable fa\">\uf135<\/span>\u00a0\u00a0\u00a0 <a style=\"color: white;\" href=\"https:\/\/www.heise.de\/newsletter\/manage\/maker-faire\/\" target=\"_blank\" rel=\"noopener\">Stay up to date, subscribe to our newsletter!<\/a><\/p><\/blockquote><\/div><\/div><\/div><\/div><\/section>\t\t\t\t\t\t\t\t<\/div>\n\t\t\t\t<\/div>\n\t\t\t\t<\/div>","protected":false},"excerpt":{"rendered":"<p>Die Ausstelleranmeldung Maker Faire Hannover 2026 ist ge\u00f6ffnet15. &#8211; 16. August 2026Hier klickenKomm zur Maker Faire Hannover 2026 15. und 16. August Hannover Congress Centrum Theodor-Heuss-Platz 1-3, 30175 HannoverZum Ticketshop Die Ausstelleranmeldung Maker Faire Hannover 2026 ist ge\u00f6ffnet15. &#8211; 16. August 2026Hier klickenEntdecke die Maker Faire Hannover 2026 15. und 16. August Hannover Congress Centrum &hellip;<\/p>","protected":false},"author":2,"featured_media":6566,"parent":0,"menu_order":0,"comment_status":"closed","ping_status":"open","template":"template-builder.php","meta":{"footnotes":""},"class_list":["post-111","page","type-page","status-publish","has-post-thumbnail","hentry"],"_links":{"self":[{"href":"https:\/\/maker-faire.de\/en\/wp-json\/wp\/v2\/pages\/111","targetHints":{"allow":["GET"]}}],"collection":[{"href":"https:\/\/maker-faire.de\/en\/wp-json\/wp\/v2\/pages"}],"about":[{"href":"https:\/\/maker-faire.de\/en\/wp-json\/wp\/v2\/types\/page"}],"author":[{"embeddable":true,"href":"https:\/\/maker-faire.de\/en\/wp-json\/wp\/v2\/users\/2"}],"replies":[{"embeddable":true,"href":"https:\/\/maker-faire.de\/en\/wp-json\/wp\/v2\/comments?post=111"}],"version-history":[{"count":931,"href":"https:\/\/maker-faire.de\/en\/wp-json\/wp\/v2\/pages\/111\/revisions"}],"predecessor-version":[{"id":33347,"href":"https:\/\/maker-faire.de\/en\/wp-json\/wp\/v2\/pages\/111\/revisions\/33347"}],"wp:featuredmedia":[{"embeddable":true,"href":"https:\/\/maker-faire.de\/en\/wp-json\/wp\/v2\/media\/6566"}],"wp:attachment":[{"href":"https:\/\/maker-faire.de\/en\/wp-json\/wp\/v2\/media?parent=111"}],"curies":[{"name":"wp","href":"https:\/\/api.w.org\/{rel}","templated":true}]}}